{"id":894,"date":"2025-09-21T15:20:28","date_gmt":"2025-09-21T15:20:28","guid":{"rendered":"https:\/\/wc-test.waldmann.solutions\/?page_id=894"},"modified":"2025-09-23T07:09:22","modified_gmt":"2025-09-23T07:09:22","slug":"ewald-steiger","status":"publish","type":"page","link":"https:\/\/wc-test.waldmann.solutions\/?page_id=894","title":{"rendered":"Ewald Steiger"},"content":{"rendered":"\n<p>*&nbsp;1877 Moers<br>\u2020 1966 in Kleve<\/p>\n\n\n\n<p>Der Fotograf Ewald Steiger, geboren am 5. M\u00e4rz 1877 in Moers, unterhielt in den Jahren 1905\/06 bis 1932 eine Zweigstelle seines Moerser Fotogesch\u00e4ftes in Kleve. Er siedelte in der Jugendstilvilla in der Gruftstra\u00dfe an, dem \u201eKunsthaus Steiger\u201c. Von hier aus unternahm er zahlreiche Fotoreisen, bei denen er sowohl neben Geb\u00e4uden und Landschaften auch Motive aus der Landwirtschaft, Industrieanlagen und Pers\u00f6nlichkeiten fotografierte. Steiger bet\u00e4tigte sich bis zu seinem Tod im Jahr 1966 als Fotograf.<\/p>\n\n\n\n<p>(aus &#8222;Der Archivaliensteckbrief&#8220; <a href=\"https:\/\/www.lokalkompass.de\/kleve\/c-kultur\/der-3-archivaliensteckbrief-die-fotosammlung-ewald-steiger_a69573\">https:\/\/www.lokalkompass.de\/kleve\/c-kultur\/der-3-archivaliensteckbrief-die-fotosammlung-ewald-steiger_a69573<\/a>)<\/p>\n\n\n\n<div class=\"wp-block-file aligncenter\"><a id=\"wp-block-file--media-d60ffda9-f5ca-483f-a4ea-5c8b334577fd\" href=\"https:\/\/wc-test.waldmann.solutions\/wp-content\/uploads\/2025\/02\/Sammlung-KFW-Steiger-Negative.xlsx\">Sammlung KFW Liste Steiger Negative<\/a><\/div>\n\n\n\n<p><\/p>\n\n\n\n<p>Ewald Steiger war in folgenden hessischen Landkreisen unterwegs:<\/p>\n\n\n\n<p>Kassel<br>Marburg-Biedenkopf<br>Schwalm-Eder-Kreis<br><a href=\"https:\/\/wc-test.waldmann.solutions\/?page_id=929\" data-type=\"page\" data-id=\"929\">Waldeck-Frankenberg<\/a><\/p>\n\n\n\n<p><\/p>\n","protected":false},"excerpt":{"rendered":"<p>*&nbsp;1877 Moers\u2020 1966 in Kleve Der Fotograf Ewald Steiger, geboren am 5. M\u00e4rz 1877 in Moers, unterhielt in den Jahren 1905\/06 bis 1932 eine Zweigstelle seines Moerser Fotogesch\u00e4ftes in Kleve. Er siedelte in der Jugendstilvilla in der Gruftstra\u00dfe an, dem \u201eKunsthaus Steiger\u201c. Von hier aus unternahm er zahlreiche Fotoreisen, bei denen er sowohl neben Geb\u00e4uden &hellip; <\/p>\n<p class=\"link-more\"><a href=\"https:\/\/wc-test.waldmann.solutions\/?page_id=894\" class=\"more-link\"><span class=\"screen-reader-text\">\u201eEwald Steiger\u201c<\/span> weiterlesen<\/a><\/p>\n","protected":false},"author":1,"featured_media":0,"parent":0,"menu_order":0,"comment_status":"closed","ping_status":"closed","template":"","meta":{"pgc_sgb_lightbox_settings":"","footnotes":""},"class_list":["post-894","page","type-page","status-publish","hentry"],"jetpack_sharing_enabled":true,"_links":{"self":[{"href":"https:\/\/wc-test.waldmann.solutions\/index.php?rest_route=\/wp\/v2\/pages\/894","targetHints":{"allow":["GET"]}}],"collection":[{"href":"https:\/\/wc-test.waldmann.solutions\/index.php?rest_route=\/wp\/v2\/pages"}],"about":[{"href":"https:\/\/wc-test.waldmann.solutions\/index.php?rest_route=\/wp\/v2\/types\/page"}],"author":[{"embeddable":true,"href":"https:\/\/wc-test.waldmann.solutions\/index.php?rest_route=\/wp\/v2\/users\/1"}],"replies":[{"embeddable":true,"href":"https:\/\/wc-test.waldmann.solutions\/index.php?rest_route=%2Fwp%2Fv2%2Fcomments&post=894"}],"version-history":[{"count":12,"href":"https:\/\/wc-test.waldmann.solutions\/index.php?rest_route=\/wp\/v2\/pages\/894\/revisions"}],"predecessor-version":[{"id":968,"href":"https:\/\/wc-test.waldmann.solutions\/index.php?rest_route=\/wp\/v2\/pages\/894\/revisions\/968"}],"wp:attachment":[{"href":"https:\/\/wc-test.waldmann.solutions\/index.php?rest_route=%2Fwp%2Fv2%2Fmedia&parent=894"}],"curies":[{"name":"wp","href":"https:\/\/api.w.org\/{rel}","templated":true}]}}