{"id":823,"date":"2025-09-10T11:44:22","date_gmt":"2025-09-10T11:44:22","guid":{"rendered":"https:\/\/wc-test.waldmann.solutions\/?page_id=823"},"modified":"2025-09-10T19:02:38","modified_gmt":"2025-09-10T19:02:38","slug":"liste-der-orte-leonhardt-fotos","status":"publish","type":"page","link":"https:\/\/wc-test.waldmann.solutions\/?page_id=823","title":{"rendered":"Liste der Orte Leonhardt Fotos"},"content":{"rendered":"\n<p>Ahnatal-Heckershausen<\/p>\n\n\n\n<p>Bad Emstal-Sand<\/p>\n\n\n\n<p>Bad Karlshafen-Helmarshausen<\/p>\n\n\n\n<p>Baunatal-Guntershausen<\/p>\n\n\n\n<figure class=\"wp-block-gallery has-nested-images columns-default is-cropped wp-block-gallery-1 is-layout-flex wp-block-gallery-is-layout-flex\">\n<figure class=\"wp-block-image size-large\"><a href=\"https:\/\/wc-test.waldmann.solutions\/wp-content\/uploads\/2025\/09\/009.jpg\"><img loading=\"lazy\" decoding=\"async\" width=\"1024\" height=\"642\" data-id=\"835\" src=\"https:\/\/wc-test.waldmann.solutions\/wp-content\/uploads\/2025\/09\/009-1024x642.jpg?v=1757530333\" alt=\"\" class=\"wp-image-835\" srcset=\"https:\/\/wc-test.waldmann.solutions\/wp-content\/uploads\/2025\/09\/009-1024x642.jpg?v=1757530333 1024w, https:\/\/wc-test.waldmann.solutions\/wp-content\/uploads\/2025\/09\/009-300x188.jpg?v=1757530333 300w, https:\/\/wc-test.waldmann.solutions\/wp-content\/uploads\/2025\/09\/009-768x482.jpg?v=1757530333 768w, https:\/\/wc-test.waldmann.solutions\/wp-content\/uploads\/2025\/09\/009-1536x963.jpg?v=1757530333 1536w, https:\/\/wc-test.waldmann.solutions\/wp-content\/uploads\/2025\/09\/009-2048x1284.jpg?v=1757530333 2048w\" sizes=\"auto, (max-width: 767px) 89vw, (max-width: 1000px) 54vw, (max-width: 1071px) 543px, 580px\" \/><\/a><figcaption class=\"wp-element-caption\">Guntershausen<\/figcaption><\/figure>\n\n\n\n<figure class=\"wp-block-image size-large\"><a href=\"https:\/\/wc-test.waldmann.solutions\/wp-content\/uploads\/2025\/09\/010-scaled.jpg\"><img loading=\"lazy\" decoding=\"async\" width=\"1024\" height=\"745\" data-id=\"836\" src=\"https:\/\/wc-test.waldmann.solutions\/wp-content\/uploads\/2025\/09\/010-1024x745.jpg?v=1757530338\" alt=\"\" class=\"wp-image-836\" srcset=\"https:\/\/wc-test.waldmann.solutions\/wp-content\/uploads\/2025\/09\/010-1024x745.jpg?v=1757530338 1024w, https:\/\/wc-test.waldmann.solutions\/wp-content\/uploads\/2025\/09\/010-300x218.jpg?v=1757530338 300w, https:\/\/wc-test.waldmann.solutions\/wp-content\/uploads\/2025\/09\/010-768x559.jpg?v=1757530338 768w, https:\/\/wc-test.waldmann.solutions\/wp-content\/uploads\/2025\/09\/010-1536x1117.jpg?v=1757530338 1536w, https:\/\/wc-test.waldmann.solutions\/wp-content\/uploads\/2025\/09\/010-2048x1489.jpg?v=1757530338 2048w\" sizes=\"auto, (max-width: 767px) 89vw, (max-width: 1000px) 54vw, (max-width: 1071px) 543px, 580px\" \/><\/a><figcaption class=\"wp-element-caption\">Guntershausen<\/figcaption><\/figure>\n<\/figure>\n\n\n\n<p>Baunatal-Kirchbauna<\/p>\n\n\n\n<p>Ederm\u00fcnde-Besse<\/p>\n\n\n\n<p>&nbsp;Espenau-Hohenkirchen<\/p>\n\n\n\n<p>&nbsp;Felsberg-Altenbrunslar<\/p>\n\n\n\n<p>&nbsp;Felsberg-Niedervorsch\u00fctz<\/p>\n\n\n\n<p>&nbsp;Fuldabr\u00fcck-Dennhausen\/Dittershausen<\/p>\n\n\n\n<p>&nbsp;Fuldabr\u00fcck-Dennhausen\/Dittershausen<\/p>\n\n\n\n<p>&nbsp;Fuldatal-Wahnhausen<\/p>\n\n\n\n<p>&nbsp;Grimma<\/p>\n\n\n\n<p>&nbsp;Gro\u00dfalmerode<\/p>\n\n\n\n<p>&nbsp;Gudensberg<\/p>\n\n\n\n<p>&nbsp;Gutsbezirk Reinhardswald &#8211; Gahrenberg<\/p>\n\n\n\n<p>&nbsp;Guxhagen<\/p>\n\n\n\n<p>&nbsp;Guxhagen-B\u00fcchenwerra<\/p>\n\n\n\n<p>&nbsp;Guxhagen-Grebenau<\/p>\n\n\n\n<p>&nbsp;Habichtswald-Bodenhausen<\/p>\n\n\n\n<p>&nbsp;Habichtswald-D\u00f6rnberg<\/p>\n\n\n\n<p>&nbsp;Habichtswald-Ehlen<\/p>\n\n\n\n<p>&nbsp;Hann. M\u00fcnden-Bursfelde<\/p>\n\n\n\n<p>&nbsp;Helsa<\/p>\n\n\n\n<p>&nbsp;Hofgeismar-Beberbeck<\/p>\n\n\n\n<p>&nbsp;Hofgeismar-Hombressen<\/p>\n\n\n\n<p>&nbsp;Hofgeismar-H\u00fcmme<\/p>\n\n\n\n<p>&nbsp;Hofgeismar-Sababurg<\/p>\n\n\n\n<p>&nbsp;Immenhausen-Ahlberg<\/p>\n\n\n\n<p>&nbsp;Jesberg<\/p>\n\n\n\n<p>&nbsp;Kassel-Nordshausen<\/p>\n\n\n\n<p>&nbsp;Kaufungen-Oberkaufungen<\/p>\n\n\n\n<p>&nbsp;K\u00f6rle<\/p>\n\n\n\n<p>&nbsp;K\u00f6rle-Lobenhausen<\/p>\n\n\n\n<p>&nbsp;Lohfelden-Ochshausen<\/p>\n\n\n\n<p>&nbsp;Lohfelden-Vollmarshausen<\/p>\n\n\n\n<p>&nbsp;Malsfeld<\/p>\n\n\n\n<p>&nbsp;Malsfeld-Beisef\u00f6rth<\/p>\n\n\n\n<p>&nbsp;Melsungen<\/p>\n\n\n\n<p>&nbsp;Melsungen-Adelshausen<\/p>\n\n\n\n<p>&nbsp;Melsungen-Obermelsungen<\/p>\n\n\n\n<p>&nbsp;Melsungen-R\u00f6hrenfurth<\/p>\n\n\n\n<p>&nbsp;Melsungen-Schwarzenberg<\/p>\n\n\n\n<p>&nbsp;Murrhardt<\/p>\n\n\n\n<p>&nbsp;Niedenstein<\/p>\n\n\n\n<p>&nbsp;Niedenstein-Ermetheis<\/p>\n\n\n\n<p>&nbsp;Nieste<\/p>\n\n\n\n<p>&nbsp;Pliezhausen-Gniebel<\/p>\n\n\n\n<p>&nbsp;Pliezhausen-R\u00fcbgarten<\/p>\n\n\n\n<p>&nbsp;Reinhardshagen-Veckerhagen<\/p>\n\n\n\n<p>&nbsp;Reinhardshagen-Veckerhagen<\/p>\n\n\n\n<p>&nbsp;Schauenburg-Breitenbach<\/p>\n\n\n\n<p>&nbsp;Schauenburg-Elgershausen<\/p>\n\n\n\n<p>&nbsp;Schauenburg-Hoof<\/p>\n\n\n\n<p>&nbsp;Schauenburg-Martinhagen<\/p>\n\n\n\n<p>&nbsp;S\u00f6hrewald<\/p>\n\n\n\n<p>&nbsp;Spangenberg<\/p>\n\n\n\n<p>&nbsp;Staufenberg<\/p>\n\n\n\n<p>&nbsp;Staufenberg-Kragenhof<\/p>\n\n\n\n<p>&nbsp;Staufenberg-Uschlag<\/p>\n\n\n\n<p>&nbsp;Trendelburg<\/p>\n\n\n\n<p>&nbsp;Trendelburg-Friedrichsfeld<\/p>\n\n\n\n<p>&nbsp;Vellmar-Obervellmar<\/p>\n\n\n\n<figure class=\"wp-block-gallery has-nested-images columns-default is-cropped wp-block-gallery-2 is-layout-flex wp-block-gallery-is-layout-flex\">\n<figure class=\"wp-block-image size-large\"><a href=\"https:\/\/wc-test.waldmann.solutions\/wp-content\/uploads\/2025\/09\/018.jpg\"><img loading=\"lazy\" decoding=\"async\" width=\"1024\" height=\"679\" data-id=\"843\" src=\"https:\/\/wc-test.waldmann.solutions\/wp-content\/uploads\/2025\/09\/018-1024x679.jpg?v=1757530373\" alt=\"\" class=\"wp-image-843\" srcset=\"https:\/\/wc-test.waldmann.solutions\/wp-content\/uploads\/2025\/09\/018-1024x679.jpg?v=1757530373 1024w, https:\/\/wc-test.waldmann.solutions\/wp-content\/uploads\/2025\/09\/018-300x199.jpg?v=1757530373 300w, https:\/\/wc-test.waldmann.solutions\/wp-content\/uploads\/2025\/09\/018-768x509.jpg?v=1757530373 768w, https:\/\/wc-test.waldmann.solutions\/wp-content\/uploads\/2025\/09\/018-1536x1018.jpg?v=1757530373 1536w, https:\/\/wc-test.waldmann.solutions\/wp-content\/uploads\/2025\/09\/018-2048x1358.jpg?v=1757530373 2048w\" sizes=\"auto, (max-width: 767px) 89vw, (max-width: 1000px) 54vw, (max-width: 1071px) 543px, 580px\" \/><\/a><figcaption class=\"wp-element-caption\">Blick auf Ober- und NIedervellmar. Im Vordergrund die Bahnlinie Kassel &#8211; Hann.-\nM\u00fcnden.<\/figcaption><\/figure>\n<\/figure>\n\n\n\n<p>&nbsp;Warburg<\/p>\n\n\n\n<p>&nbsp;Wesertal-Gieselwerder<\/p>\n","protected":false},"excerpt":{"rendered":"<p>Ahnatal-Heckershausen Bad Emstal-Sand Bad Karlshafen-Helmarshausen Baunatal-Guntershausen Baunatal-Kirchbauna Ederm\u00fcnde-Besse &nbsp;Espenau-Hohenkirchen &nbsp;Felsberg-Altenbrunslar &nbsp;Felsberg-Niedervorsch\u00fctz &nbsp;Fuldabr\u00fcck-Dennhausen\/Dittershausen &nbsp;Fuldabr\u00fcck-Dennhausen\/Dittershausen &nbsp;Fuldatal-Wahnhausen &nbsp;Grimma &nbsp;Gro\u00dfalmerode &nbsp;Gudensberg &nbsp;Gutsbezirk Reinhardswald &#8211; Gahrenberg &nbsp;Guxhagen &nbsp;Guxhagen-B\u00fcchenwerra &nbsp;Guxhagen-Grebenau &nbsp;Habichtswald-Bodenhausen &nbsp;Habichtswald-D\u00f6rnberg &nbsp;Habichtswald-Ehlen &nbsp;Hann. M\u00fcnden-Bursfelde &nbsp;Helsa &nbsp;Hofgeismar-Beberbeck &nbsp;Hofgeismar-Hombressen &nbsp;Hofgeismar-H\u00fcmme &nbsp;Hofgeismar-Sababurg &nbsp;Immenhausen-Ahlberg &nbsp;Jesberg &nbsp;Kassel-Nordshausen &nbsp;Kaufungen-Oberkaufungen &nbsp;K\u00f6rle &nbsp;K\u00f6rle-Lobenhausen &nbsp;Lohfelden-Ochshausen &nbsp;Lohfelden-Vollmarshausen &nbsp;Malsfeld &nbsp;Malsfeld-Beisef\u00f6rth &nbsp;Melsungen &nbsp;Melsungen-Adelshausen &nbsp;Melsungen-Obermelsungen &nbsp;Melsungen-R\u00f6hrenfurth &nbsp;Melsungen-Schwarzenberg &nbsp;Murrhardt &nbsp;Niedenstein &nbsp;Niedenstein-Ermetheis &nbsp;Nieste &nbsp;Pliezhausen-Gniebel &nbsp;Pliezhausen-R\u00fcbgarten &hellip; <\/p>\n<p class=\"link-more\"><a href=\"https:\/\/wc-test.waldmann.solutions\/?page_id=823\" class=\"more-link\"><span class=\"screen-reader-text\">\u201eListe der Orte Leonhardt Fotos\u201c<\/span> weiterlesen<\/a><\/p>\n","protected":false},"author":1,"featured_media":0,"parent":0,"menu_order":0,"comment_status":"closed","ping_status":"closed","template":"","meta":{"pgc_sgb_lightbox_settings":"","footnotes":""},"class_list":["post-823","page","type-page","status-publish","hentry"],"jetpack_sharing_enabled":true,"_links":{"self":[{"href":"https:\/\/wc-test.waldmann.solutions\/index.php?rest_route=\/wp\/v2\/pages\/823","targetHints":{"allow":["GET"]}}],"collection":[{"href":"https:\/\/wc-test.waldmann.solutions\/index.php?rest_route=\/wp\/v2\/pages"}],"about":[{"href":"https:\/\/wc-test.waldmann.solutions\/index.php?rest_route=\/wp\/v2\/types\/page"}],"author":[{"embeddable":true,"href":"https:\/\/wc-test.waldmann.solutions\/index.php?rest_route=\/wp\/v2\/users\/1"}],"replies":[{"embeddable":true,"href":"https:\/\/wc-test.waldmann.solutions\/index.php?rest_route=%2Fwp%2Fv2%2Fcomments&post=823"}],"version-history":[{"count":5,"href":"https:\/\/wc-test.waldmann.solutions\/index.php?rest_route=\/wp\/v2\/pages\/823\/revisions"}],"predecessor-version":[{"id":850,"href":"https:\/\/wc-test.waldmann.solutions\/index.php?rest_route=\/wp\/v2\/pages\/823\/revisions\/850"}],"wp:attachment":[{"href":"https:\/\/wc-test.waldmann.solutions\/index.php?rest_route=%2Fwp%2Fv2%2Fmedia&parent=823"}],"curies":[{"name":"wp","href":"https:\/\/api.w.org\/{rel}","templated":true}]}}