{"id":501,"date":"2020-11-24T16:23:57","date_gmt":"2020-11-24T16:23:57","guid":{"rendered":"http:\/\/wc-test.waldmann.solutions\/?page_id=501"},"modified":"2020-11-24T16:23:57","modified_gmt":"2020-11-24T16:23:57","slug":"disclaimer","status":"publish","type":"page","link":"https:\/\/wc-test.waldmann.solutions\/?page_id=501","title":{"rendered":"Disclaimer"},"content":{"rendered":"\n<p>Inhalt und Werke dieser Website sind urheberrechtlich gesch\u00fctzt.<br>Trotz h\u00f6chster Sorgfalt kann nicht f\u00fcr die Richtigkeit der wiedergegebenen Informationen oder die permanente technische Erreichbarkeit garantiert werden.<br>Es wird keine Haftung f\u00fcr den Inhalt von extern verlinkten Websites \u00fcbernommen.<br>Auf deren Inhalte haben wir keinen Einfluss und distanzieren uns ausdr\u00fccklich.<br>Sollten Sie dennoch etwas an unseren Seiten zu beanstanden haben, bitten wir um einen einfachen entsprechenden Hinweis, damit wir die Inhalte schnellstm\u00f6glich entfernen k\u00f6nnen.<br>Quelle: <a href=\"http:\/\/www.anwalt.de\/vorlage\/disclaimer-haftungsausschluss.php\">Disclaimer von anwalt.de<\/a><\/p>\n","protected":false},"excerpt":{"rendered":"<p>Inhalt und Werke dieser Website sind urheberrechtlich gesch\u00fctzt.Trotz h\u00f6chster Sorgfalt kann nicht f\u00fcr die Richtigkeit der wiedergegebenen Informationen oder die permanente technische Erreichbarkeit garantiert werden.Es wird keine Haftung f\u00fcr den Inhalt von extern verlinkten Websites \u00fcbernommen.Auf deren Inhalte haben wir keinen Einfluss und distanzieren uns ausdr\u00fccklich.Sollten Sie dennoch etwas an unseren Seiten zu beanstanden haben, &hellip; <\/p>\n<p class=\"link-more\"><a href=\"https:\/\/wc-test.waldmann.solutions\/?page_id=501\" class=\"more-link\"><span class=\"screen-reader-text\">\u201eDisclaimer\u201c<\/span> weiterlesen<\/a><\/p>\n","protected":false},"author":1,"featured_media":0,"parent":0,"menu_order":0,"comment_status":"closed","ping_status":"closed","template":"","meta":{"pgc_sgb_lightbox_settings":"","footnotes":""},"class_list":["post-501","page","type-page","status-publish","hentry"],"jetpack_sharing_enabled":true,"_links":{"self":[{"href":"https:\/\/wc-test.waldmann.solutions\/index.php?rest_route=\/wp\/v2\/pages\/501","targetHints":{"allow":["GET"]}}],"collection":[{"href":"https:\/\/wc-test.waldmann.solutions\/index.php?rest_route=\/wp\/v2\/pages"}],"about":[{"href":"https:\/\/wc-test.waldmann.solutions\/index.php?rest_route=\/wp\/v2\/types\/page"}],"author":[{"embeddable":true,"href":"https:\/\/wc-test.waldmann.solutions\/index.php?rest_route=\/wp\/v2\/users\/1"}],"replies":[{"embeddable":true,"href":"https:\/\/wc-test.waldmann.solutions\/index.php?rest_route=%2Fwp%2Fv2%2Fcomments&post=501"}],"version-history":[{"count":1,"href":"https:\/\/wc-test.waldmann.solutions\/index.php?rest_route=\/wp\/v2\/pages\/501\/revisions"}],"predecessor-version":[{"id":502,"href":"https:\/\/wc-test.waldmann.solutions\/index.php?rest_route=\/wp\/v2\/pages\/501\/revisions\/502"}],"wp:attachment":[{"href":"https:\/\/wc-test.waldmann.solutions\/index.php?rest_route=%2Fwp%2Fv2%2Fmedia&parent=501"}],"curies":[{"name":"wp","href":"https:\/\/api.w.org\/{rel}","templated":true}]}}