{"id":406,"date":"2020-11-20T18:37:17","date_gmt":"2020-11-20T18:37:17","guid":{"rendered":"http:\/\/wc-test.waldmann.solutions\/?page_id=406"},"modified":"2026-02-27T11:36:29","modified_gmt":"2026-02-27T11:36:29","slug":"100-jahre-100-werke-2","status":"publish","type":"page","link":"https:\/\/wc-test.waldmann.solutions\/?page_id=406","title":{"rendered":"100 Jahre &#8211; 100 Werke"},"content":{"rendered":"\n<p>Auf dieser Seite entsteht ein \u00dcberblick \u00fcber die Werke des Fotografen <\/p>\n\n\n\n<figure class=\"wp-block-gallery has-nested-images columns-2 is-cropped wp-block-gallery-1 is-layout-flex wp-block-gallery-is-layout-flex\">\n<figure class=\"wp-block-image size-large\"><a href=\"https:\/\/wc-test.waldmann.solutions\/wp-content\/uploads\/2020\/12\/vater-k_b-scaled.jpg\"><img loading=\"lazy\" decoding=\"async\" width=\"755\" height=\"1024\" data-id=\"638\" src=\"https:\/\/wc-test.waldmann.solutions\/wp-content\/uploads\/2020\/12\/vater-k_b-scaled-755x1024.jpg?v=1607447063\" alt=\"\" class=\"wp-image-638\" srcset=\"https:\/\/wc-test.waldmann.solutions\/wp-content\/uploads\/2020\/12\/vater-k_b-scaled-755x1024.jpg?v=1607447063 755w, https:\/\/wc-test.waldmann.solutions\/wp-content\/uploads\/2020\/12\/vater-k_b-scaled-221x300.jpg?v=1607447063 221w, https:\/\/wc-test.waldmann.solutions\/wp-content\/uploads\/2020\/12\/vater-k_b-scaled-768x1042.jpg?v=1607447063 768w, https:\/\/wc-test.waldmann.solutions\/wp-content\/uploads\/2020\/12\/vater-k_b-scaled-1132x1536.jpg?v=1607447063 1132w, https:\/\/wc-test.waldmann.solutions\/wp-content\/uploads\/2020\/12\/vater-k_b-scaled-1510x2048.jpg?v=1607447063 1510w, https:\/\/wc-test.waldmann.solutions\/wp-content\/uploads\/2020\/12\/vater-k_b-scaled.jpg?v=1607447063 1887w\" sizes=\"auto, (max-width: 706px) 89vw, (max-width: 767px) 82vw, 740px\" \/><\/a><figcaption class=\"wp-element-caption\">Karl Friedrich Waldmann<\/figcaption><\/figure>\n\n\n\n<figure class=\"wp-block-image size-large\"><a href=\"https:\/\/wc-test.waldmann.solutions\/wp-content\/uploads\/2020\/11\/KFW10002_400dpi_L-scaled.jpg\"><img loading=\"lazy\" decoding=\"async\" width=\"1024\" height=\"745\" data-id=\"360\" src=\"https:\/\/wc-test.waldmann.solutions\/wp-content\/uploads\/2020\/11\/KFW10002_400dpi_L-scaled-1024x745.jpg?v=1607443908\" alt=\"\" class=\"wp-image-360\" srcset=\"https:\/\/wc-test.waldmann.solutions\/wp-content\/uploads\/2020\/11\/KFW10002_400dpi_L-scaled-1024x745.jpg?v=1607443908 1024w, https:\/\/wc-test.waldmann.solutions\/wp-content\/uploads\/2020\/11\/KFW10002_400dpi_L-scaled-300x218.jpg?v=1607443908 300w, https:\/\/wc-test.waldmann.solutions\/wp-content\/uploads\/2020\/11\/KFW10002_400dpi_L-scaled-768x559.jpg?v=1607443908 768w, https:\/\/wc-test.waldmann.solutions\/wp-content\/uploads\/2020\/11\/KFW10002_400dpi_L-scaled-1536x1117.jpg?v=1607443908 1536w, https:\/\/wc-test.waldmann.solutions\/wp-content\/uploads\/2020\/11\/KFW10002_400dpi_L-scaled-2048x1490.jpg?v=1607443908 2048w\" sizes=\"auto, (max-width: 767px) 89vw, (max-width: 1000px) 54vw, (max-width: 1071px) 543px, 580px\" \/><\/a><figcaption class=\"wp-element-caption\">insecticide<\/figcaption><\/figure>\n\n\n\n<figure class=\"wp-block-image size-large\"><a href=\"https:\/\/wc-test.waldmann.solutions\/wp-content\/uploads\/2020\/11\/KFW10007_400dpi-scaled.jpg\"><img loading=\"lazy\" decoding=\"async\" width=\"748\" height=\"1024\" data-id=\"326\" src=\"https:\/\/wc-test.waldmann.solutions\/wp-content\/uploads\/2020\/11\/KFW10007_400dpi-scaled-748x1024.jpg?v=1607798596\" alt=\"\" class=\"wp-image-326\" srcset=\"https:\/\/wc-test.waldmann.solutions\/wp-content\/uploads\/2020\/11\/KFW10007_400dpi-scaled-748x1024.jpg?v=1607798596 748w, https:\/\/wc-test.waldmann.solutions\/wp-content\/uploads\/2020\/11\/KFW10007_400dpi-scaled-219x300.jpg?v=1607798596 219w, https:\/\/wc-test.waldmann.solutions\/wp-content\/uploads\/2020\/11\/KFW10007_400dpi-scaled-768x1051.jpg?v=1607798596 768w, https:\/\/wc-test.waldmann.solutions\/wp-content\/uploads\/2020\/11\/KFW10007_400dpi-scaled-1123x1536.jpg?v=1607798596 1123w, https:\/\/wc-test.waldmann.solutions\/wp-content\/uploads\/2020\/11\/KFW10007_400dpi-scaled-1497x2048.jpg?v=1607798596 1497w, https:\/\/wc-test.waldmann.solutions\/wp-content\/uploads\/2020\/11\/KFW10007_400dpi-scaled.jpg?v=1607798596 1871w\" sizes=\"auto, (max-width: 706px) 89vw, (max-width: 767px) 82vw, 740px\" \/><\/a><figcaption class=\"wp-element-caption\">ab Morgen wird gespart<\/figcaption><\/figure>\n\n\n\n<figure class=\"wp-block-image size-large\"><a href=\"https:\/\/wc-test.waldmann.solutions\/wp-content\/uploads\/2020\/11\/KFW10006_400dpi-scaled.jpg\"><img loading=\"lazy\" decoding=\"async\" width=\"744\" height=\"1024\" data-id=\"324\" src=\"https:\/\/wc-test.waldmann.solutions\/wp-content\/uploads\/2020\/11\/KFW10006_400dpi-scaled-744x1024.jpg?v=1608141057\" alt=\"\" class=\"wp-image-324\" srcset=\"https:\/\/wc-test.waldmann.solutions\/wp-content\/uploads\/2020\/11\/KFW10006_400dpi-scaled-744x1024.jpg?v=1608141057 744w, https:\/\/wc-test.waldmann.solutions\/wp-content\/uploads\/2020\/11\/KFW10006_400dpi-scaled-218x300.jpg?v=1608141057 218w, https:\/\/wc-test.waldmann.solutions\/wp-content\/uploads\/2020\/11\/KFW10006_400dpi-scaled-768x1056.jpg?v=1608141057 768w, https:\/\/wc-test.waldmann.solutions\/wp-content\/uploads\/2020\/11\/KFW10006_400dpi-scaled-1117x1536.jpg?v=1608141057 1117w, https:\/\/wc-test.waldmann.solutions\/wp-content\/uploads\/2020\/11\/KFW10006_400dpi-scaled-1489x2048.jpg?v=1608141057 1489w, https:\/\/wc-test.waldmann.solutions\/wp-content\/uploads\/2020\/11\/KFW10006_400dpi-scaled.jpg?v=1608141057 1861w\" sizes=\"auto, (max-width: 706px) 89vw, (max-width: 767px) 82vw, 740px\" \/><\/a><figcaption class=\"wp-element-caption\">alte Frau<\/figcaption><\/figure>\n\n\n\n<figure class=\"wp-block-image size-large\"><a href=\"https:\/\/wc-test.waldmann.solutions\/wp-content\/uploads\/2020\/11\/KFW10005_400dpi-scaled.jpg\"><img loading=\"lazy\" decoding=\"async\" width=\"1906\" height=\"2560\" data-id=\"322\" src=\"https:\/\/wc-test.waldmann.solutions\/wp-content\/uploads\/2020\/11\/KFW10005_400dpi-scaled.jpg\" alt=\"\" class=\"wp-image-322\" srcset=\"https:\/\/wc-test.waldmann.solutions\/wp-content\/uploads\/2020\/11\/KFW10005_400dpi-scaled.jpg?v=1607443740 1906w, https:\/\/wc-test.waldmann.solutions\/wp-content\/uploads\/2020\/11\/KFW10005_400dpi-223x300.jpg?v=1607443740 223w, https:\/\/wc-test.waldmann.solutions\/wp-content\/uploads\/2020\/11\/KFW10005_400dpi-1144x1536.jpg?v=1607443740 1144w, https:\/\/wc-test.waldmann.solutions\/wp-content\/uploads\/2020\/11\/KFW10005_400dpi-1525x2048.jpg?v=1607443740 1525w\" sizes=\"auto, (max-width: 767px) 89vw, (max-width: 1000px) 54vw, (max-width: 1071px) 543px, 580px\" \/><\/a><figcaption class=\"wp-element-caption\">verkabelt\n<\/figcaption><\/figure>\n\n\n\n<figure class=\"wp-block-image size-large\"><a href=\"https:\/\/wc-test.waldmann.solutions\/wp-content\/uploads\/2020\/11\/KFW10004_400dpi-scaled.jpg\"><img loading=\"lazy\" decoding=\"async\" width=\"726\" height=\"1024\" data-id=\"320\" src=\"https:\/\/wc-test.waldmann.solutions\/wp-content\/uploads\/2020\/11\/KFW10004_400dpi-726x1024.jpg?v=1607443740\" alt=\"\" class=\"wp-image-320\" srcset=\"https:\/\/wc-test.waldmann.solutions\/wp-content\/uploads\/2020\/11\/KFW10004_400dpi-726x1024.jpg?v=1607443740 726w, https:\/\/wc-test.waldmann.solutions\/wp-content\/uploads\/2020\/11\/KFW10004_400dpi-213x300.jpg?v=1607443740 213w, https:\/\/wc-test.waldmann.solutions\/wp-content\/uploads\/2020\/11\/KFW10004_400dpi-768x1083.jpg?v=1607443740 768w, https:\/\/wc-test.waldmann.solutions\/wp-content\/uploads\/2020\/11\/KFW10004_400dpi-1089x1536.jpg?v=1607443740 1089w, https:\/\/wc-test.waldmann.solutions\/wp-content\/uploads\/2020\/11\/KFW10004_400dpi-1452x2048.jpg?v=1607443740 1452w, https:\/\/wc-test.waldmann.solutions\/wp-content\/uploads\/2020\/11\/KFW10004_400dpi-scaled.jpg?v=1607443740 1816w\" sizes=\"auto, (max-width: 726px) 100vw, 726px\" \/><\/a><figcaption class=\"wp-element-caption\">der Schwarzangler<br>Ich wollte mal auf Finschfang geh&#8217;n<br>Tat stundenlang am Ufer stehn.<br>Da glaubte ich, ein Fisch bei\u00dft an,<br>Geh n\u00e4her dann ans Ufer ran.<br>Muss waten durch das hohe Gras<br>und denke noch, was ist denn das?<br>Derweil zur Angel ich muss blicken &#8211; <br>Au weh, f\u00e4ngt&#8217;s an zu zwicken.<br>Ach du mein Schreck, was ist das blo\u00df,<br>vor Angst das Herz mir liegt im Scho\u00df.<br>Vorsichtig f\u00fchl&#8216; ich mit der Hand<br>Ein Grashalm war es, gottseidank!<br>Ich gehe dann, denk nach &#8217;ner Weil&#8216;<br>Aufregend war&#8217;s doch, Petri Heil!<br><\/figcaption><\/figure>\n\n\n\n<figure class=\"wp-block-image size-large\"><a href=\"https:\/\/wc-test.waldmann.solutions\/wp-content\/uploads\/2020\/11\/KFW10003_400dpi-scaled.jpg\"><img loading=\"lazy\" decoding=\"async\" width=\"774\" height=\"1024\" data-id=\"318\" src=\"https:\/\/wc-test.waldmann.solutions\/wp-content\/uploads\/2020\/11\/KFW10003_400dpi-scaled-774x1024.jpg?v=1607965507\" alt=\"\" class=\"wp-image-318\" srcset=\"https:\/\/wc-test.waldmann.solutions\/wp-content\/uploads\/2020\/11\/KFW10003_400dpi-scaled-774x1024.jpg?v=1607965507 774w, https:\/\/wc-test.waldmann.solutions\/wp-content\/uploads\/2020\/11\/KFW10003_400dpi-scaled-227x300.jpg?v=1607965507 227w, https:\/\/wc-test.waldmann.solutions\/wp-content\/uploads\/2020\/11\/KFW10003_400dpi-scaled-768x1016.jpg?v=1607965507 768w, https:\/\/wc-test.waldmann.solutions\/wp-content\/uploads\/2020\/11\/KFW10003_400dpi-scaled-1161x1536.jpg?v=1607965507 1161w, https:\/\/wc-test.waldmann.solutions\/wp-content\/uploads\/2020\/11\/KFW10003_400dpi-scaled-1548x2048.jpg?v=1607965507 1548w, https:\/\/wc-test.waldmann.solutions\/wp-content\/uploads\/2020\/11\/KFW10003_400dpi-scaled.jpg?v=1607965507 1935w\" sizes=\"auto, (max-width: 767px) 89vw, (max-width: 1000px) 54vw, (max-width: 1071px) 543px, 580px\" \/><\/a><figcaption class=\"wp-element-caption\">sch\u00f6nes Nordhessen<\/figcaption><\/figure>\n\n\n\n<figure class=\"wp-block-image size-large\"><a href=\"https:\/\/wc-test.waldmann.solutions\/wp-content\/uploads\/2020\/11\/KFW10001_400dpi-scaled.jpg\"><img loading=\"lazy\" decoding=\"async\" width=\"754\" height=\"1024\" data-id=\"272\" src=\"https:\/\/wc-test.waldmann.solutions\/wp-content\/uploads\/2020\/11\/KFW10001_400dpi-754x1024.jpg?v=1607369158\" alt=\"Wei\u00dfe Taube im Fenster\" class=\"wp-image-272\" srcset=\"https:\/\/wc-test.waldmann.solutions\/wp-content\/uploads\/2020\/11\/KFW10001_400dpi-754x1024.jpg?v=1607369158 754w, https:\/\/wc-test.waldmann.solutions\/wp-content\/uploads\/2020\/11\/KFW10001_400dpi-221x300.jpg?v=1607369158 221w, https:\/\/wc-test.waldmann.solutions\/wp-content\/uploads\/2020\/11\/KFW10001_400dpi-768x1043.jpg?v=1607369158 768w, https:\/\/wc-test.waldmann.solutions\/wp-content\/uploads\/2020\/11\/KFW10001_400dpi-1131x1536.jpg?v=1607369158 1131w, https:\/\/wc-test.waldmann.solutions\/wp-content\/uploads\/2020\/11\/KFW10001_400dpi-1508x2048.jpg?v=1607369158 1508w, https:\/\/wc-test.waldmann.solutions\/wp-content\/uploads\/2020\/11\/KFW10001_400dpi-scaled.jpg?v=1607369158 1885w\" sizes=\"auto, (max-width: 706px) 89vw, (max-width: 767px) 82vw, 740px\" \/><\/a><figcaption class=\"wp-element-caption\">wei\u00dfe Taube im Fenster<\/figcaption><\/figure>\n\n\n\n<figure class=\"wp-block-image size-large\"><a href=\"https:\/\/wc-test.waldmann.solutions\/wp-content\/uploads\/2020\/12\/KFW10012_400dpi_bsw-scaled.jpg\"><img loading=\"lazy\" decoding=\"async\" width=\"731\" height=\"1024\" data-id=\"688\" src=\"https:\/\/wc-test.waldmann.solutions\/wp-content\/uploads\/2020\/12\/KFW10012_400dpi_bsw-731x1024.jpg?v=1608138814\" alt=\"\" class=\"wp-image-688\" srcset=\"https:\/\/wc-test.waldmann.solutions\/wp-content\/uploads\/2020\/12\/KFW10012_400dpi_bsw-731x1024.jpg?v=1608138814 731w, https:\/\/wc-test.waldmann.solutions\/wp-content\/uploads\/2020\/12\/KFW10012_400dpi_bsw-214x300.jpg?v=1608138814 214w, https:\/\/wc-test.waldmann.solutions\/wp-content\/uploads\/2020\/12\/KFW10012_400dpi_bsw-768x1075.jpg?v=1608138814 768w, https:\/\/wc-test.waldmann.solutions\/wp-content\/uploads\/2020\/12\/KFW10012_400dpi_bsw-1097x1536.jpg?v=1608138814 1097w, https:\/\/wc-test.waldmann.solutions\/wp-content\/uploads\/2020\/12\/KFW10012_400dpi_bsw-1463x2048.jpg?v=1608138814 1463w, https:\/\/wc-test.waldmann.solutions\/wp-content\/uploads\/2020\/12\/KFW10012_400dpi_bsw-scaled.jpg?v=1608138814 1828w\" sizes=\"auto, (max-width: 731px) 100vw, 731px\" \/><\/a><figcaption class=\"wp-element-caption\">Markt auf dem K\u00f6ngisplatz<\/figcaption><\/figure>\n\n\n\n<figure class=\"wp-block-image size-large\"><a href=\"https:\/\/wc-test.waldmann.solutions\/wp-content\/uploads\/2020\/12\/KFW10014_300dpi-scaled.jpg\"><img loading=\"lazy\" decoding=\"async\" width=\"1024\" height=\"801\" data-id=\"687\" src=\"https:\/\/wc-test.waldmann.solutions\/wp-content\/uploads\/2020\/12\/KFW10014_300dpi-1024x801.jpg?v=1608138840\" alt=\"\" class=\"wp-image-687\" srcset=\"https:\/\/wc-test.waldmann.solutions\/wp-content\/uploads\/2020\/12\/KFW10014_300dpi-1024x801.jpg?v=1608138840 1024w, https:\/\/wc-test.waldmann.solutions\/wp-content\/uploads\/2020\/12\/KFW10014_300dpi-300x235.jpg?v=1608138840 300w, https:\/\/wc-test.waldmann.solutions\/wp-content\/uploads\/2020\/12\/KFW10014_300dpi-768x601.jpg?v=1608138840 768w, https:\/\/wc-test.waldmann.solutions\/wp-content\/uploads\/2020\/12\/KFW10014_300dpi-1536x1201.jpg?v=1608138840 1536w, https:\/\/wc-test.waldmann.solutions\/wp-content\/uploads\/2020\/12\/KFW10014_300dpi-2048x1602.jpg?v=1608138840 2048w\" sizes=\"auto, (max-width: 767px) 89vw, (max-width: 1000px) 54vw, (max-width: 1071px) 543px, 580px\" \/><\/a><figcaption class=\"wp-element-caption\">Besentrinne<\/figcaption><\/figure>\n\n\n\n<figure class=\"wp-block-image size-large\"><a href=\"https:\/\/wc-test.waldmann.solutions\/wp-content\/uploads\/2020\/12\/KFW10013_400dpi_bsw-scaled.jpg\"><img loading=\"lazy\" decoding=\"async\" width=\"733\" height=\"1024\" data-id=\"685\" src=\"https:\/\/wc-test.waldmann.solutions\/wp-content\/uploads\/2020\/12\/KFW10013_400dpi_bsw-733x1024.jpg?v=1608138542\" alt=\"\" class=\"wp-image-685\" srcset=\"https:\/\/wc-test.waldmann.solutions\/wp-content\/uploads\/2020\/12\/KFW10013_400dpi_bsw-733x1024.jpg?v=1608138542 733w, https:\/\/wc-test.waldmann.solutions\/wp-content\/uploads\/2020\/12\/KFW10013_400dpi_bsw-215x300.jpg?v=1608138542 215w, https:\/\/wc-test.waldmann.solutions\/wp-content\/uploads\/2020\/12\/KFW10013_400dpi_bsw-768x1073.jpg?v=1608138542 768w, https:\/\/wc-test.waldmann.solutions\/wp-content\/uploads\/2020\/12\/KFW10013_400dpi_bsw-1099x1536.jpg?v=1608138542 1099w, https:\/\/wc-test.waldmann.solutions\/wp-content\/uploads\/2020\/12\/KFW10013_400dpi_bsw-1466x2048.jpg?v=1608138542 1466w, https:\/\/wc-test.waldmann.solutions\/wp-content\/uploads\/2020\/12\/KFW10013_400dpi_bsw-scaled.jpg?v=1608138542 1832w\" sizes=\"auto, (max-width: 733px) 100vw, 733px\" \/><\/a><figcaption class=\"wp-element-caption\">Der Schmied<\/figcaption><\/figure>\n\n\n\n<figure class=\"wp-block-image size-large\"><a href=\"https:\/\/wc-test.waldmann.solutions\/wp-content\/uploads\/2020\/12\/KFW10015_350dpi-scaled.jpg\"><img loading=\"lazy\" decoding=\"async\" width=\"724\" height=\"1024\" data-id=\"675\" src=\"https:\/\/wc-test.waldmann.solutions\/wp-content\/uploads\/2020\/12\/KFW10015_350dpi-scaled-724x1024.jpg?v=1607976634\" alt=\"\" class=\"wp-image-675\" srcset=\"https:\/\/wc-test.waldmann.solutions\/wp-content\/uploads\/2020\/12\/KFW10015_350dpi-scaled-724x1024.jpg?v=1607976634 724w, https:\/\/wc-test.waldmann.solutions\/wp-content\/uploads\/2020\/12\/KFW10015_350dpi-scaled-212x300.jpg?v=1607976634 212w, https:\/\/wc-test.waldmann.solutions\/wp-content\/uploads\/2020\/12\/KFW10015_350dpi-scaled-768x1086.jpg?v=1607976634 768w, https:\/\/wc-test.waldmann.solutions\/wp-content\/uploads\/2020\/12\/KFW10015_350dpi-scaled-1087x1536.jpg?v=1607976634 1087w, https:\/\/wc-test.waldmann.solutions\/wp-content\/uploads\/2020\/12\/KFW10015_350dpi-scaled-1449x2048.jpg?v=1607976634 1449w, https:\/\/wc-test.waldmann.solutions\/wp-content\/uploads\/2020\/12\/KFW10015_350dpi-scaled.jpg?v=1607976634 1811w\" sizes=\"auto, (max-width: 724px) 100vw, 724px\" \/><\/a><figcaption class=\"wp-element-caption\">Hungerndes Kind<\/figcaption><\/figure>\n\n\n\n<figure class=\"wp-block-image size-large\"><a href=\"https:\/\/wc-test.waldmann.solutions\/wp-content\/uploads\/2020\/12\/KFW10010_400dpi_b-scaled.jpg\"><img loading=\"lazy\" decoding=\"async\" width=\"745\" height=\"1024\" data-id=\"686\" src=\"https:\/\/wc-test.waldmann.solutions\/wp-content\/uploads\/2020\/12\/KFW10010_400dpi_b-745x1024.jpg?v=1608138862\" alt=\"\" class=\"wp-image-686\" srcset=\"https:\/\/wc-test.waldmann.solutions\/wp-content\/uploads\/2020\/12\/KFW10010_400dpi_b-745x1024.jpg?v=1608138862 745w, https:\/\/wc-test.waldmann.solutions\/wp-content\/uploads\/2020\/12\/KFW10010_400dpi_b-218x300.jpg?v=1608138862 218w, https:\/\/wc-test.waldmann.solutions\/wp-content\/uploads\/2020\/12\/KFW10010_400dpi_b-768x1055.jpg?v=1608138862 768w, https:\/\/wc-test.waldmann.solutions\/wp-content\/uploads\/2020\/12\/KFW10010_400dpi_b-1118x1536.jpg?v=1608138862 1118w, https:\/\/wc-test.waldmann.solutions\/wp-content\/uploads\/2020\/12\/KFW10010_400dpi_b-1491x2048.jpg?v=1608138862 1491w, https:\/\/wc-test.waldmann.solutions\/wp-content\/uploads\/2020\/12\/KFW10010_400dpi_b-scaled.jpg?v=1608138862 1863w\" sizes=\"auto, (max-width: 706px) 89vw, (max-width: 767px) 82vw, 740px\" \/><\/a><figcaption class=\"wp-element-caption\">Thaipusam<\/figcaption><\/figure>\n\n\n\n<figure class=\"wp-block-image size-large\"><a href=\"https:\/\/wc-test.waldmann.solutions\/wp-content\/uploads\/2020\/12\/KFW10008_600dpiN-1-scaled.jpg\"><img loading=\"lazy\" decoding=\"async\" width=\"756\" height=\"1024\" data-id=\"636\" src=\"https:\/\/wc-test.waldmann.solutions\/wp-content\/uploads\/2020\/12\/KFW10008_600dpiN-1-scaled-756x1024.jpg?v=1607443631\" alt=\"\" class=\"wp-image-636\" srcset=\"https:\/\/wc-test.waldmann.solutions\/wp-content\/uploads\/2020\/12\/KFW10008_600dpiN-1-scaled-756x1024.jpg?v=1607443631 756w, https:\/\/wc-test.waldmann.solutions\/wp-content\/uploads\/2020\/12\/KFW10008_600dpiN-1-scaled-221x300.jpg?v=1607443631 221w, https:\/\/wc-test.waldmann.solutions\/wp-content\/uploads\/2020\/12\/KFW10008_600dpiN-1-scaled-768x1041.jpg?v=1607443631 768w, https:\/\/wc-test.waldmann.solutions\/wp-content\/uploads\/2020\/12\/KFW10008_600dpiN-1-scaled-1133x1536.jpg?v=1607443631 1133w, https:\/\/wc-test.waldmann.solutions\/wp-content\/uploads\/2020\/12\/KFW10008_600dpiN-1-scaled-1511x2048.jpg?v=1607443631 1511w, https:\/\/wc-test.waldmann.solutions\/wp-content\/uploads\/2020\/12\/KFW10008_600dpiN-1-scaled.jpg?v=1607443631 1889w\" sizes=\"auto, (max-width: 706px) 89vw, (max-width: 767px) 82vw, 740px\" \/><\/a><figcaption class=\"wp-element-caption\">Inderpaar auf dem Weg zur Zermonie.<\/figcaption><\/figure>\n\n\n\n<figure class=\"wp-block-image size-large\"><a href=\"https:\/\/wc-test.waldmann.solutions\/wp-content\/uploads\/2020\/12\/KFW10016_350dpi-scaled.jpg\"><img loading=\"lazy\" decoding=\"async\" width=\"757\" height=\"1024\" data-id=\"673\" src=\"https:\/\/wc-test.waldmann.solutions\/wp-content\/uploads\/2020\/12\/KFW10016_350dpi-scaled-757x1024.jpg?v=1607976742\" alt=\"\" class=\"wp-image-673\" srcset=\"https:\/\/wc-test.waldmann.solutions\/wp-content\/uploads\/2020\/12\/KFW10016_350dpi-scaled-757x1024.jpg?v=1607976742 757w, https:\/\/wc-test.waldmann.solutions\/wp-content\/uploads\/2020\/12\/KFW10016_350dpi-scaled-222x300.jpg?v=1607976742 222w, https:\/\/wc-test.waldmann.solutions\/wp-content\/uploads\/2020\/12\/KFW10016_350dpi-scaled-768x1039.jpg?v=1607976742 768w, https:\/\/wc-test.waldmann.solutions\/wp-content\/uploads\/2020\/12\/KFW10016_350dpi-scaled-1136x1536.jpg?v=1607976742 1136w, https:\/\/wc-test.waldmann.solutions\/wp-content\/uploads\/2020\/12\/KFW10016_350dpi-scaled-1514x2048.jpg?v=1607976742 1514w, https:\/\/wc-test.waldmann.solutions\/wp-content\/uploads\/2020\/12\/KFW10016_350dpi-scaled.jpg?v=1607976742 1893w\" sizes=\"auto, (max-width: 706px) 89vw, (max-width: 767px) 82vw, 740px\" \/><\/a><figcaption class=\"wp-element-caption\">Malayischer Junge<\/figcaption><\/figure>\n\n\n\n<figure class=\"wp-block-image size-large\"><a href=\"https:\/\/wc-test.waldmann.solutions\/wp-content\/uploads\/2020\/12\/KFW10017_350dpi-scaled.jpg\"><img loading=\"lazy\" decoding=\"async\" width=\"746\" height=\"1024\" data-id=\"674\" src=\"https:\/\/wc-test.waldmann.solutions\/wp-content\/uploads\/2020\/12\/KFW10017_350dpi-scaled-746x1024.jpg?v=1608140749\" alt=\"\" class=\"wp-image-674\" srcset=\"https:\/\/wc-test.waldmann.solutions\/wp-content\/uploads\/2020\/12\/KFW10017_350dpi-scaled-746x1024.jpg?v=1608140749 746w, https:\/\/wc-test.waldmann.solutions\/wp-content\/uploads\/2020\/12\/KFW10017_350dpi-scaled-219x300.jpg?v=1608140749 219w, https:\/\/wc-test.waldmann.solutions\/wp-content\/uploads\/2020\/12\/KFW10017_350dpi-scaled-768x1054.jpg?v=1608140749 768w, https:\/\/wc-test.waldmann.solutions\/wp-content\/uploads\/2020\/12\/KFW10017_350dpi-scaled-1120x1536.jpg?v=1608140749 1120w, https:\/\/wc-test.waldmann.solutions\/wp-content\/uploads\/2020\/12\/KFW10017_350dpi-scaled-1493x2048.jpg?v=1608140749 1493w, https:\/\/wc-test.waldmann.solutions\/wp-content\/uploads\/2020\/12\/KFW10017_350dpi-scaled.jpg?v=1608140749 1866w\" sizes=\"auto, (max-width: 706px) 89vw, (max-width: 767px) 82vw, 740px\" \/><\/a><figcaption class=\"wp-element-caption\">Malayische M\u00e4dchen<\/figcaption><\/figure>\n\n\n\n<figure class=\"wp-block-image size-large\"><a href=\"https:\/\/wc-test.waldmann.solutions\/wp-content\/uploads\/2025\/09\/Documenta-7-Rudi-Fuchs-wm-scaled.jpg\"><img loading=\"lazy\" decoding=\"async\" width=\"681\" height=\"1024\" data-id=\"947\" src=\"https:\/\/wc-test.waldmann.solutions\/wp-content\/uploads\/2025\/09\/Documenta-7-Rudi-Fuchs-wm-681x1024.jpg\" alt=\"\" class=\"wp-image-947\" srcset=\"https:\/\/wc-test.waldmann.solutions\/wp-content\/uploads\/2025\/09\/Documenta-7-Rudi-Fuchs-wm-681x1024.jpg?v=1758574907 681w, https:\/\/wc-test.waldmann.solutions\/wp-content\/uploads\/2025\/09\/Documenta-7-Rudi-Fuchs-wm-200x300.jpg?v=1758574907 200w, https:\/\/wc-test.waldmann.solutions\/wp-content\/uploads\/2025\/09\/Documenta-7-Rudi-Fuchs-wm-768x1155.jpg?v=1758574907 768w, https:\/\/wc-test.waldmann.solutions\/wp-content\/uploads\/2025\/09\/Documenta-7-Rudi-Fuchs-wm-1022x1536.jpg?v=1758574907 1022w, https:\/\/wc-test.waldmann.solutions\/wp-content\/uploads\/2025\/09\/Documenta-7-Rudi-Fuchs-wm-1362x2048.jpg?v=1758574907 1362w, https:\/\/wc-test.waldmann.solutions\/wp-content\/uploads\/2025\/09\/Documenta-7-Rudi-Fuchs-wm-scaled.jpg?v=1758574907 1703w\" sizes=\"auto, (max-width: 681px) 100vw, 681px\" \/><\/a><figcaption class=\"wp-element-caption\">Documenta 7 K\u00fcnstlerischer Leiter Rudi Fuchs<\/figcaption><\/figure>\n\n\n\n<figure class=\"wp-block-image size-large\"><a href=\"https:\/\/wc-test.waldmann.solutions\/wp-content\/uploads\/2025\/09\/Documenta-7-Rudi-Fuchs-2-scaled.jpg\"><img loading=\"lazy\" decoding=\"async\" width=\"1024\" height=\"683\" data-id=\"853\" src=\"https:\/\/wc-test.waldmann.solutions\/wp-content\/uploads\/2025\/09\/Documenta-7-Rudi-Fuchs-2-1024x683.jpg?v=1757600039\" alt=\"\" class=\"wp-image-853\" srcset=\"https:\/\/wc-test.waldmann.solutions\/wp-content\/uploads\/2025\/09\/Documenta-7-Rudi-Fuchs-2-1024x683.jpg?v=1757600039 1024w, https:\/\/wc-test.waldmann.solutions\/wp-content\/uploads\/2025\/09\/Documenta-7-Rudi-Fuchs-2-300x200.jpg?v=1757600039 300w, https:\/\/wc-test.waldmann.solutions\/wp-content\/uploads\/2025\/09\/Documenta-7-Rudi-Fuchs-2-768x512.jpg?v=1757600039 768w, https:\/\/wc-test.waldmann.solutions\/wp-content\/uploads\/2025\/09\/Documenta-7-Rudi-Fuchs-2-1536x1025.jpg?v=1757600039 1536w, https:\/\/wc-test.waldmann.solutions\/wp-content\/uploads\/2025\/09\/Documenta-7-Rudi-Fuchs-2-2048x1366.jpg?v=1757600039 2048w\" sizes=\"auto, (max-width: 767px) 89vw, (max-width: 1000px) 54vw, (max-width: 1071px) 543px, 580px\" \/><\/a><figcaption class=\"wp-element-caption\">Documenta 7 K\u00fcnstlerischer Leiter Rudi Fuchs<\/figcaption><\/figure>\n<\/figure>\n\n\n\n<figure class=\"wp-block-gallery has-nested-images columns-default is-cropped wp-block-gallery-2 is-layout-flex wp-block-gallery-is-layout-flex\"><\/figure>\n\n\n\n<p><\/p>\n","protected":false},"excerpt":{"rendered":"<p>Auf dieser Seite entsteht ein \u00dcberblick \u00fcber die Werke des Fotografen<\/p>\n","protected":false},"author":1,"featured_media":0,"parent":0,"menu_order":0,"comment_status":"open","ping_status":"closed","template":"","meta":{"pgc_sgb_lightbox_settings":"","footnotes":""},"class_list":["post-406","page","type-page","status-publish","hentry"],"jetpack_sharing_enabled":true,"_links":{"self":[{"href":"https:\/\/wc-test.waldmann.solutions\/index.php?rest_route=\/wp\/v2\/pages\/406","targetHints":{"allow":["GET"]}}],"collection":[{"href":"https:\/\/wc-test.waldmann.solutions\/index.php?rest_route=\/wp\/v2\/pages"}],"about":[{"href":"https:\/\/wc-test.waldmann.solutions\/index.php?rest_route=\/wp\/v2\/types\/page"}],"author":[{"embeddable":true,"href":"https:\/\/wc-test.waldmann.solutions\/index.php?rest_route=\/wp\/v2\/users\/1"}],"replies":[{"embeddable":true,"href":"https:\/\/wc-test.waldmann.solutions\/index.php?rest_route=%2Fwp%2Fv2%2Fcomments&post=406"}],"version-history":[{"count":87,"href":"https:\/\/wc-test.waldmann.solutions\/index.php?rest_route=\/wp\/v2\/pages\/406\/revisions"}],"predecessor-version":[{"id":1055,"href":"https:\/\/wc-test.waldmann.solutions\/index.php?rest_route=\/wp\/v2\/pages\/406\/revisions\/1055"}],"wp:attachment":[{"href":"https:\/\/wc-test.waldmann.solutions\/index.php?rest_route=%2Fwp%2Fv2%2Fmedia&parent=406"}],"curies":[{"name":"wp","href":"https:\/\/api.w.org\/{rel}","templated":true}]}}