{"id":376,"date":"2020-11-19T10:43:55","date_gmt":"2020-11-19T10:43:55","guid":{"rendered":"http:\/\/wc-test.waldmann.solutions\/?page_id=376"},"modified":"2026-04-25T15:25:26","modified_gmt":"2026-04-25T15:25:26","slug":"filmproduktionen","status":"publish","type":"page","link":"https:\/\/wc-test.waldmann.solutions\/?page_id=376","title":{"rendered":"Filmproduktionen"},"content":{"rendered":"\n<p><strong>700 Jahre Dittershausen<br>Film zum Jubil\u00e4um des Dorfes Dittershausen bei Kassel<\/strong><\/p>\n\n\n\n<p>Eigenproduktion 1953<\/p>\n\n\n\n<p id=\"Bieten-Fabrik\"><strong>Bieten Fabrik &#8211; suchen Unternehmer<br>Pakistan als Modell f\u00fcr neue Entwicklungshilfen<\/strong><\/p>\n\n\n\n<p>Erst-Sendedatum: 03.01.1965 ARD<\/p>\n\n\n\n<figure class=\"wp-block-image size-large is-resized\"><img loading=\"lazy\" decoding=\"async\" width=\"724\" height=\"1024\" src=\"https:\/\/wc-test.waldmann.solutions\/wp-content\/uploads\/2020\/12\/KFW10015_350dpi-scaled-724x1024.jpg\" alt=\"\" class=\"wp-image-675\" style=\"aspect-ratio:0.7070300950264793;width:256px;height:auto\" srcset=\"https:\/\/wc-test.waldmann.solutions\/wp-content\/uploads\/2020\/12\/KFW10015_350dpi-scaled-724x1024.jpg?v=1607976634 724w, https:\/\/wc-test.waldmann.solutions\/wp-content\/uploads\/2020\/12\/KFW10015_350dpi-scaled-212x300.jpg?v=1607976634 212w, https:\/\/wc-test.waldmann.solutions\/wp-content\/uploads\/2020\/12\/KFW10015_350dpi-scaled-768x1086.jpg?v=1607976634 768w, https:\/\/wc-test.waldmann.solutions\/wp-content\/uploads\/2020\/12\/KFW10015_350dpi-scaled-1087x1536.jpg?v=1607976634 1087w, https:\/\/wc-test.waldmann.solutions\/wp-content\/uploads\/2020\/12\/KFW10015_350dpi-scaled-1449x2048.jpg?v=1607976634 1449w, https:\/\/wc-test.waldmann.solutions\/wp-content\/uploads\/2020\/12\/KFW10015_350dpi-scaled.jpg?v=1607976634 1811w\" sizes=\"auto, (max-width: 724px) 100vw, 724px\" \/><figcaption class=\"wp-element-caption\">Hungerndes Kind<\/figcaption><\/figure>\n\n\n\n<p>Pakistan. Als Modell f\u00fcr zuk\u00fcnftige Entwicklungshilfen in Asien betrachtet die Weltbank ein Projekt, das nach Pl\u00e4nen des Frankfurter Battelle Institut in Westpakistan verwirklicht wird. N\u00f6rdlich von Lahore entstehen mehrere hundert kleine und mittelgro\u00dfe Industriebetriebe, die von pakistanischen Unternehmern \u00fcbernommen werden sollen. Die Vielzahl kleiner Produktionsst\u00e4tten erm\u00f6glicht es, eine verh\u00e4ltnism\u00e4\u00dfig gro\u00dfe Zahl von Menschen zu besch\u00e4ftigen und damit <a href=\"https:\/\/wc-test.waldmann.solutions\/wp-content\/uploads\/2020\/12\/KFW10015_350dpi-scaled.jpg\">aus dem Elend zu befreien<\/a>. Die Weltbank will mit diesem Experiment auch einen Weg aufzeigen, wie in Asien ein freies Unternehmertum gebildet werden kann.<\/p>\n\n\n\n<p id=\"Malaysia\"><strong>Malaysia<br>Ein Bericht \u00fcber Asiens Musterstaat<\/strong><\/p>\n\n\n\n<p>18.03.1966 ARD Von Kurt Morneweg<\/p>\n\n\n\n<figure class=\"wp-block-image size-full\"><img loading=\"lazy\" decoding=\"async\" width=\"218\" height=\"300\" src=\"https:\/\/wc-test.waldmann.solutions\/wp-content\/uploads\/2026\/04\/image.jpeg?v=1777106348\" alt=\"\" class=\"wp-image-1116\"\/><figcaption class=\"wp-element-caption\">Thaipusam<\/figcaption><\/figure>\n\n\n\n<p><a href=\"https:\/\/wc-test.waldmann.solutions\/wp-content\/uploads\/2020\/12\/KFW10010_400dpi_b-scaled.jpg\"><\/a>\u00a0Der junge Staat Malaysia lebt in der Hauptsache von seinen Kautschukplantagen. Der Film untersucht die derzeitige wirtschaftliche Situation der Plantagen und\u00a0 Strukturver\u00e4nderungen, die sich durch Verschiebungen im Weltbedarf an Latex undsynthetischem Kautschuk ergeben k\u00f6nnten. Au\u00dferdem berichtet die Sendung \u00fcber den Ausbau der Industrie und \u00fcber bev\u00f6lkerungspolitische Probleme eines Staates, dessen Bev\u00f6lkerung zum gr\u00f6\u00dften Teil aus Malaien, Chinesen und Indern besteht. Eine gro\u00dfe Gefahr ist die stille Unterwanderung des Landes durch die Chinesen, die schon heute einen gro\u00dfen Teil der Wirtschaft in ihren H\u00e4nden haben.<br>Gleichzeitig informiert der Film \u00fcber die politische Lage dieses &#8222;Staates aus der Retorte&#8220;.<br>Fotos von Karl Friedrich Waldmann<\/p>\n\n\n\n<p id=\"Aerzte-Forscher-und-Patienten\"><strong>\u00c4rzte, Forscher und Patienten<br>Medizin in der Sowjetunion<\/strong><\/p>\n\n\n\n<p>Erst-Sendedatum: 13.09.1967 ARD Teil 1<\/p>\n\n\n\n<figure class=\"wp-block-image size-full is-resized\"><img loading=\"lazy\" decoding=\"async\" width=\"1906\" height=\"2560\" src=\"https:\/\/wc-test.waldmann.solutions\/wp-content\/uploads\/2020\/11\/KFW10005_400dpi-scaled.jpg\" alt=\"\" class=\"wp-image-322\" style=\"aspect-ratio:0.7445320012845296;width:226px;height:auto\" srcset=\"https:\/\/wc-test.waldmann.solutions\/wp-content\/uploads\/2020\/11\/KFW10005_400dpi-scaled.jpg?v=1607443740 1906w, https:\/\/wc-test.waldmann.solutions\/wp-content\/uploads\/2020\/11\/KFW10005_400dpi-223x300.jpg?v=1607443740 223w, https:\/\/wc-test.waldmann.solutions\/wp-content\/uploads\/2020\/11\/KFW10005_400dpi-1144x1536.jpg?v=1607443740 1144w, https:\/\/wc-test.waldmann.solutions\/wp-content\/uploads\/2020\/11\/KFW10005_400dpi-1525x2048.jpg?v=1607443740 1525w\" sizes=\"auto, (max-width: 767px) 89vw, (max-width: 1000px) 54vw, (max-width: 1071px) 543px, 580px\" \/><figcaption class=\"wp-element-caption\">verkabelt<\/figcaption><\/figure>\n\n\n\n<p>Sowjetunion. Der Bericht zeigt einen in Moskau eingerichteten Sonderdienst &#8218;Schnelle Hilfe&#8216; f\u00fcr an Herzinfarkt erkrankte Menschen. Mehrere medizinische Hochschulen und Forschungsst\u00e4tten werden besucht und der Ausbildungsgang sowjetischer Medizinstudenten veranschaulicht. Eine Feldscher-Station in Sibirien wird vorgestellt und gezeigt, wie durch Unterrichtung und Betreuung werdender M\u00fctter die Kindersterblichkeit in der Sowjetunion stark zur\u00fcckgegangen ist.<\/p>\n\n\n\n<p>Der Film wurde ausschnittweise im sowjetischen Fernsehen gezeigt.<\/p>\n\n\n\n<p><strong>\u00c4rzte, Forscher und Patienten<br>Medizin in der Sowjetunion<\/strong><\/p>\n\n\n\n<p>Erst-Sendedatum: 14.09.1967 ARD Teil 2<\/p>\n\n\n\n<p>Gezeigt wird ein \u00dcberblick \u00fcber eine Reihe gro\u00dfer wissenschaftlicher Institute in Moskau; f\u00fchrende sowjetische Mediziner bei der Arbeit: den Chirurgen Prof Petrow, den Internisten und Herzspezialisten Prof Moissejew, den Chirurgen Prof Androssow und Prof Tarrasow. Institute in Georgien und Armenien werden besucht und deren experimentelle Arbeit demonstriert. Das Institut von Pawlow ist Ausgangspunkt f\u00fcr einen \u00dcberblick \u00fcber die neuesten Arbeiten der Sowjets in der experimentellen Medizin . Eingegangen wird ferner auf die Altersmedizin und die medizinischen M\u00f6glichkeiten, die bei der Erziehung der Kinder im Kollektiv verwertet werden.<\/p>\n\n\n\n<p><a href=\"https:\/\/www.spiegel.de\/spiegel\/print\/d-45548095.html\" target=\"_blank\" rel=\"noreferrer noopener\">Billett verweigert<\/a>: Spiegelartikel \u00fcber Produktionen und Versuche des ARD \u00fcber die Sowjetunion der 60er zu berichten.<\/p>\n\n\n\n<p id=\"Das-Herz-von-Kapstadt\"><strong>Das Herz von Kapstadt<br>Professor Barnard und sein Team,<br>Schrittmacher einer neuen medizinischen Epoche<\/strong><\/p>\n\n\n\n<p>Erst-Sendedatum: 12.05.1968 ARD<\/p>\n\n\n\n<p>Der Film zeigt zu Beginn Luftaufnahmen von Kapstadt und Bilder des Groote-Schuur-Krankenhauses. Er schildert die Vorbereitungen zur dritten Herzverpflanzung und stellt das \u00c4rzteteam Barnards vor. Der weltber\u00fchmte Chirurg erkl\u00e4rt die Unterschiede in den Operationsmethoden bei der ersten und zweiten Herztransplantation und demonstriert seine Operationstechnik. Auch eine experimentelle Herztransplantation durch Dr Bosman wird gezeigt. Der erste als geheilt aus dem Krankenhaus entlassene Verpflanzungspatient, der Kapst\u00e4dter Zahnarzt Dr Philip Blaiberg, spricht \u00fcber seine Erfahrungen. Ein Gespr\u00e4ch \u00fcber M\u00f6glichkeiten von Herztransplantationen in Deutschland mit Professor Werner Klinner schlie\u00dft sich an diesen Film an.<\/p>\n\n\n\n<p>Interview Blaiberg vor Operation \/<br>Entlassung Blaiberg aus Groote-Schuur-Hospital nach erfolgreicher Herztransplantation \/<br>Luftaufnahmen Kapstadt, S\u00fcdafrika, und gro\u00dfe Krankenh\u00e4user \/<br>Arbeitsalltag Prof Christian Barnard im Hospital \/<br>Vorstellung \u00c4rzteteam Barnards \/ Statement Barnard \/<br>Einzelheiten Herzoperation \/ Stadtbilder Kapstadt, Universit\u00e4t \/<br>Interview Washkansky \/<br>experimentelle Transplantation Herz eines Hundes \/<br>Barnard erkl\u00e4rt Herztransplantation. Statement \/<\/p>\n\n\n\n<p id=\"Gute-Noten-f\u00fcr-Iwanowitsch\"><strong>Gute Noten f\u00fcr Iwanowitsch<br>Das Bildungssystem der Sowjetunion<\/strong><\/p>\n\n\n\n<p>14.01.1970 ARD Teil 1 Von Kurt Morneweg.<\/p>\n\n\n\n<figure class=\"wp-block-image size-large is-resized\"><img loading=\"lazy\" decoding=\"async\" width=\"706\" height=\"1024\" src=\"https:\/\/wc-test.waldmann.solutions\/wp-content\/uploads\/2026\/04\/PICT0001-Balletschule-Pionierpalast-Kiew-706x1024.jpg\" alt=\"\" class=\"wp-image-1125\" style=\"aspect-ratio:0.689455303752796;width:232px;height:auto\" srcset=\"https:\/\/wc-test.waldmann.solutions\/wp-content\/uploads\/2026\/04\/PICT0001-Balletschule-Pionierpalast-Kiew-706x1024.jpg?v=1777110357 706w, https:\/\/wc-test.waldmann.solutions\/wp-content\/uploads\/2026\/04\/PICT0001-Balletschule-Pionierpalast-Kiew-207x300.jpg?v=1777110357 207w, https:\/\/wc-test.waldmann.solutions\/wp-content\/uploads\/2026\/04\/PICT0001-Balletschule-Pionierpalast-Kiew-768x1114.jpg?v=1777110357 768w, https:\/\/wc-test.waldmann.solutions\/wp-content\/uploads\/2026\/04\/PICT0001-Balletschule-Pionierpalast-Kiew-1059x1536.jpg?v=1777110357 1059w, https:\/\/wc-test.waldmann.solutions\/wp-content\/uploads\/2026\/04\/PICT0001-Balletschule-Pionierpalast-Kiew-1412x2048.jpg?v=1777110357 1412w, https:\/\/wc-test.waldmann.solutions\/wp-content\/uploads\/2026\/04\/PICT0001-Balletschule-Pionierpalast-Kiew-scaled.jpg?v=1777110357 1766w\" sizes=\"auto, (max-width: 706px) 100vw, 706px\" \/><figcaption class=\"wp-element-caption\">Balletschule Pionierpalast Kiew<\/figcaption><\/figure>\n\n\n\n<p>Die sowjetischen Weltraumerfolge sind nur ein Beweis f\u00fcr die gro\u00dfe technische und wissenschaftliche Leistungsf\u00e4higkeit der Sowjetunion. Sp\u00e4testens mit dem Start des ersten Sputniks musste der Westen akzeptieren, dass sich die in der UdSSR lebenden V\u00f6lker in den f\u00fcnfzig Jahren kommunistischer Herrschaft von unterentwickelten Agrarstaaten mit hoher Analphabeten-Quote zu einer Nation emanzipiert haben, deren Bildungs- und Forschungsniveau mit allen Staaten der Welt konkurrieren kann.<\/p>\n\n\n\n<p>Filmank\u00fcndigung <a href=\"https:\/\/www.spiegel.de\/spiegel\/print\/d-45292031.html\" target=\"_blank\" rel=\"noreferrer noopener\">Gute Noten f\u00fcr Iwanowitsch<\/a> im Spiegel Nr. 3 1970<a href=\"https:\/\/magazin.spiegel.de\/EpubDelivery\/spiegel\/pdf\/45292031\" target=\"_blank\" rel=\"noreferrer noopener\"><\/a><\/p>\n\n\n\n<p>15.01.1970 ARD Teil 2<\/p>\n\n\n\n<p>Wiederholung 14.07.1970 HR Teil 1<\/p>\n\n\n\n<p><strong>Abgeschoben und was dann<\/strong><\/p>\n\n\n\n<p>1972<\/p>\n\n\n\n<p><strong>Daheim kein Zuhause<\/strong><\/p>\n\n\n\n<p>Ein Film von Gregor Heussen<\/p>\n\n\n\n<p>1973<\/p>\n\n\n\n<p>Adolf-Grimme-Preis mit Silber<\/p>\n\n\n\n<p>Gregor A. Heussen (f\u00fcr die Sendung Abgeschoben und was dann? Alternativen zur Familie \u2013 Kinderheime in kirchlicher Tr\u00e4gerschaft, HR)<\/p>\n\n\n\n<p><strong>Weil er Freunde hat&#8230;<\/strong><\/p>\n\n\n\n<p>Protokoll \u00fcber einen geistig behinderten Jungen<\/p>\n\n\n\n<p>Ein Film von Gregor Heussen<\/p>\n\n\n\n<p>\u00dcber geistig Behinderte wei\u00df man wenig in der \u00d6ffentlichkeit. Man sieht sie kaum und wenn man ihnen begegnet, wird man oft unsicher, weil man nicht wei\u00df, wie man reagieren soll. Wir haben \u00fcber einige Tage hinweg verfolgt, wie ein geistig behinderter 10j\u00e4hriger Junge in seiner Familie lebt. Der Vater Lehrer, die Geschwister 15 und 16 Jahre alt. Vor allem die Unm\u00f6glichkeit vorauszusagen, was im n\u00e4chsten Augenblick passieren wird, belastet das Zusammenleben. Aber der Wille der Familie, den Jungen so stark zu machen, dass er eines Tages nicht v\u00f6llig hilflos bleibt, zeigt auch erstaunliche Fr\u00fcchte.<\/p>\n\n\n\n<p>WDR 18. April 1974<\/p>\n\n\n\n<p>BR 3. November 1974<\/p>\n\n\n\n<p><strong>Geistig Behinderte \u2014 <\/strong>gesehen von ihren Eltern, Geschwistern und von sich selbst<\/p>\n\n\n\n<p>Norddeutsches Fernsehen:<\/p>\n\n\n\n<p>Sozial-Report Gregor Heussen<\/p>\n\n\n\n<p>Der Film zeigt, wie sich geistig Behinderte auf ihre Art in der Welt orientieren, und l\u00e4\u00dft den Zuschauer an ihren Erfahrungen teilnehmen.&nbsp; Der Gesunde lernt ihre oft fremdartige Ausdrucksweise verstehen.<\/p>\n\n\n\n<p>NDR 12. Februar 1974<\/p>\n","protected":false},"excerpt":{"rendered":"<p>700 Jahre DittershausenFilm zum Jubil\u00e4um des Dorfes Dittershausen bei Kassel Eigenproduktion 1953 Bieten Fabrik &#8211; suchen UnternehmerPakistan als Modell f\u00fcr neue Entwicklungshilfen Erst-Sendedatum: 03.01.1965 ARD Pakistan. Als Modell f\u00fcr zuk\u00fcnftige Entwicklungshilfen in Asien betrachtet die Weltbank ein Projekt, das nach Pl\u00e4nen des Frankfurter Battelle Institut in Westpakistan verwirklicht wird. N\u00f6rdlich von Lahore entstehen mehrere hundert &hellip; <\/p>\n<p class=\"link-more\"><a href=\"https:\/\/wc-test.waldmann.solutions\/?page_id=376\" class=\"more-link\"><span class=\"screen-reader-text\">\u201eFilmproduktionen\u201c<\/span> weiterlesen<\/a><\/p>\n","protected":false},"author":1,"featured_media":0,"parent":0,"menu_order":0,"comment_status":"closed","ping_status":"closed","template":"","meta":{"pgc_sgb_lightbox_settings":"","footnotes":""},"class_list":["post-376","page","type-page","status-publish","hentry"],"jetpack_sharing_enabled":true,"_links":{"self":[{"href":"https:\/\/wc-test.waldmann.solutions\/index.php?rest_route=\/wp\/v2\/pages\/376","targetHints":{"allow":["GET"]}}],"collection":[{"href":"https:\/\/wc-test.waldmann.solutions\/index.php?rest_route=\/wp\/v2\/pages"}],"about":[{"href":"https:\/\/wc-test.waldmann.solutions\/index.php?rest_route=\/wp\/v2\/types\/page"}],"author":[{"embeddable":true,"href":"https:\/\/wc-test.waldmann.solutions\/index.php?rest_route=\/wp\/v2\/users\/1"}],"replies":[{"embeddable":true,"href":"https:\/\/wc-test.waldmann.solutions\/index.php?rest_route=%2Fwp%2Fv2%2Fcomments&post=376"}],"version-history":[{"count":36,"href":"https:\/\/wc-test.waldmann.solutions\/index.php?rest_route=\/wp\/v2\/pages\/376\/revisions"}],"predecessor-version":[{"id":1143,"href":"https:\/\/wc-test.waldmann.solutions\/index.php?rest_route=\/wp\/v2\/pages\/376\/revisions\/1143"}],"wp:attachment":[{"href":"https:\/\/wc-test.waldmann.solutions\/index.php?rest_route=%2Fwp%2Fv2%2Fmedia&parent=376"}],"curies":[{"name":"wp","href":"https:\/\/api.w.org\/{rel}","templated":true}]}}