{"id":336,"date":"2020-11-17T09:34:48","date_gmt":"2020-11-17T09:34:48","guid":{"rendered":"http:\/\/wc-test.waldmann.solutions\/?page_id=336"},"modified":"2026-04-26T15:04:13","modified_gmt":"2026-04-26T15:04:13","slug":"fotohistorische-sammlung-karl-friedrich-waldmann","status":"publish","type":"page","link":"https:\/\/wc-test.waldmann.solutions\/?page_id=336","title":{"rendered":"Fotohistorische Sammlung Karl Friedrich Waldmann"},"content":{"rendered":"\n<p style=\"font-size:16px\">Stand: M\u00e4rz 2026<br>Autor: Herbert Waldmann<\/p>\n\n\n\n<p>Karl Friedrich Waldmann war Fotograf und Kameramann und sammelte zun\u00e4chst Fotografien aus der Region. In Fuldabr\u00fcck-Dittershausen, dem Lebensmittelpunkt seiner Familie rief er die Menschen dazu auf, alte Fotografien aus dem Ort zusammenzutragen. Diese wurden reproduziert und in einer Ausstellung \u00fcber das Leben im Dorf von damals pr\u00e4sentiert. <\/p>\n\n\n\n<p>Er interessierte sich aber auch f\u00fcr Fotokunst und die gro\u00dfen international ber\u00fchmten Fotografen Caneva, Bonfils, Woodbury, Hanfstaengel &nbsp;und viele andere. Es entstand eine ansehnliche Sammlung von Fotografien aus aller Welt:<\/p>\n\n\n\n<h2 class=\"wp-block-heading has-large-font-size\">Gliederung:<\/h2>\n\n\n\n<p><a href=\"#Regional\">Regional<\/a><br><a href=\"#Nordhessen-und-Ostwestfalen\" data-type=\"internal\" data-id=\"#Nordhessen-und-Ostwestfalen\">Nordhessen und Ostwestfalen<\/a><br><a href=\"#Unternehmen\" data-type=\"internal\" data-id=\"#Unternehmen\">Unternehmen<\/a><br><a href=\"#Deutschland\" data-type=\"internal\" data-id=\"#Deutschland\">Deutschland<\/a><br><a href=\"#International\" data-type=\"internal\" data-id=\"#International\">International<\/a><br><a href=\"#Fotografien-von-Karl-F.-Waldmann\" data-type=\"internal\" data-id=\"#Fotografien-von-Karl-F.-Waldmann\">Fotografien von Karl F. Waldmann<\/a><br><a href=\"#Ver\u00f6ffentlichungen\" data-type=\"internal\" data-id=\"#Ver\u00f6ffentlichungen\">Ver\u00f6ffentlichungen<\/a><br><a href=\"#Mitgliedschaften\" data-type=\"internal\" data-id=\"#Mitgliedschaften\">Mitgliedschaften<\/a><br><a href=\"#Ausstellungen\" data-type=\"internal\" data-id=\"#Ausstellungen\">Ausstellungen<\/a><br><\/p>\n\n\n\n<h2 class=\"wp-block-heading has-large-font-size\" id=\"Regional\">Regional<\/h2>\n\n\n\n<div class=\"wp-block-media-text has-media-on-the-right is-stacked-on-mobile\" style=\"grid-template-columns:auto 40%\"><div class=\"wp-block-media-text__content\">\n<p class=\"has-medium-font-size\"><a href=\"https:\/\/wc-test.waldmann.solutions\/?page_id=867\" data-type=\"page\" data-id=\"867\"><strong>Documenta 7<\/strong> <strong>Kassel<\/strong><\/a><br>Dieter Schwerdtle<br><a href=\"https:\/\/wc-test.waldmann.solutions\/?page_id=859\" data-type=\"page\" data-id=\"859\">Floris M. Neus\u00fcss<\/a><br>Sonderausstellung Medien<br>Planung Fotomuseum<\/p>\n<\/div><figure class=\"wp-block-media-text__media\"><img loading=\"lazy\" decoding=\"async\" width=\"681\" height=\"1024\" src=\"https:\/\/wc-test.waldmann.solutions\/wp-content\/uploads\/2025\/09\/Documenta-7-Rudi-Fuchs-wm-681x1024.jpg\" alt=\"\" class=\"wp-image-947 size-full\" srcset=\"https:\/\/wc-test.waldmann.solutions\/wp-content\/uploads\/2025\/09\/Documenta-7-Rudi-Fuchs-wm-681x1024.jpg?v=1758574907 681w, https:\/\/wc-test.waldmann.solutions\/wp-content\/uploads\/2025\/09\/Documenta-7-Rudi-Fuchs-wm-200x300.jpg?v=1758574907 200w, https:\/\/wc-test.waldmann.solutions\/wp-content\/uploads\/2025\/09\/Documenta-7-Rudi-Fuchs-wm-768x1155.jpg?v=1758574907 768w, https:\/\/wc-test.waldmann.solutions\/wp-content\/uploads\/2025\/09\/Documenta-7-Rudi-Fuchs-wm-1022x1536.jpg?v=1758574907 1022w, https:\/\/wc-test.waldmann.solutions\/wp-content\/uploads\/2025\/09\/Documenta-7-Rudi-Fuchs-wm-1362x2048.jpg?v=1758574907 1362w, https:\/\/wc-test.waldmann.solutions\/wp-content\/uploads\/2025\/09\/Documenta-7-Rudi-Fuchs-wm-scaled.jpg?v=1758574907 1703w\" sizes=\"auto, (max-width: 681px) 100vw, 681px\" \/><\/figure><\/div>\n\n\n\n<p class=\"has-medium-font-size\" style=\"font-style:normal;font-weight:600\">Bickel<\/p>\n\n\n\n<p class=\"has-medium-font-size\" style=\"font-style:normal;font-weight:600\">Carl Eberth <\/p>\n\n\n\n<div class=\"wp-block-media-text has-media-on-the-right is-stacked-on-mobile\" style=\"grid-template-columns:auto 40%\"><div class=\"wp-block-media-text__content\">\n<p class=\"has-medium-font-size\"><strong><a href=\"https:\/\/wc-test.waldmann.solutions\/?page_id=640\" data-type=\"page\" data-id=\"640\">Georg Friedrich Leonhardt<\/a><\/strong> <br>Maler und Fotograf, wirkte um die Jahrhundertwende in Kassel und in der Umgebung<\/p>\n\n\n\n<p class=\"has-medium-font-size\">ca. 600 Direktkopien 10&#215;15 &#8211; 18&#215;24<br>Kassel (ca. 100)<br>Landkreis Kassel (ca. 90)<br>Schwalm-Eder-Kreis (ca. 140)<br>Waldeck-Frankenberg (34)<br>sonstige Deutschland<br>S\u00fcddeutschland<\/p>\n<\/div><figure class=\"wp-block-media-text__media\"><img loading=\"lazy\" decoding=\"async\" width=\"751\" height=\"1024\" src=\"https:\/\/wc-test.waldmann.solutions\/wp-content\/uploads\/2019\/05\/040-751x1024.jpg\" alt=\"\" class=\"wp-image-65 size-full\" srcset=\"https:\/\/wc-test.waldmann.solutions\/wp-content\/uploads\/2019\/05\/040-751x1024.jpg 751w, https:\/\/wc-test.waldmann.solutions\/wp-content\/uploads\/2019\/05\/040-220x300.jpg 220w, https:\/\/wc-test.waldmann.solutions\/wp-content\/uploads\/2019\/05\/040-768x1047.jpg 768w, https:\/\/wc-test.waldmann.solutions\/wp-content\/uploads\/2019\/05\/040.jpg 1921w\" sizes=\"auto, (max-width: 706px) 89vw, (max-width: 767px) 82vw, 740px\" \/><\/figure><\/div>\n\n\n\n<div class=\"wp-block-media-text has-media-on-the-right is-stacked-on-mobile\" style=\"grid-template-columns:auto 40%\"><div class=\"wp-block-media-text__content\">\n<p class=\"has-medium-font-size\"><strong>Albrecht Meydenbauer<\/strong><br>deutscher Bauingenieur und neben <a href=\"https:\/\/de.wikipedia.org\/wiki\/Aim%C3%A9_Laussedat\">Aim\u00e9 Laussedat<\/a> der Begr\u00fcnder der <a href=\"https:\/\/de.wikipedia.org\/wiki\/Photogrammetrie\">Photogrammetrie<\/a>, insbesondere der Architektur-Photogrammetrie.<br>(<a href=\"https:\/\/de.wikipedia.org\/wiki\/Albrecht_Meydenbauer\">https:\/\/de.wikipedia.org\/wiki\/Albrecht_Meydenbauer<\/a>)<\/p>\n\n\n\n<p class=\"has-medium-font-size\">Schweres Lederalbum mit 48 Fotografien (Fotogrammen) vom Edertal VOR dem Bau der Edertalsperre von Meydenbauer (1913)<\/p>\n<\/div><figure class=\"wp-block-media-text__media\"><img loading=\"lazy\" decoding=\"async\" width=\"875\" height=\"845\" src=\"https:\/\/wc-test.waldmann.solutions\/wp-content\/uploads\/2025\/09\/Berich-Edertal.jpg\" alt=\"\" class=\"wp-image-981 size-full\" srcset=\"https:\/\/wc-test.waldmann.solutions\/wp-content\/uploads\/2025\/09\/Berich-Edertal.jpg?v=1758642841 875w, https:\/\/wc-test.waldmann.solutions\/wp-content\/uploads\/2025\/09\/Berich-Edertal-300x290.jpg?v=1758642841 300w, https:\/\/wc-test.waldmann.solutions\/wp-content\/uploads\/2025\/09\/Berich-Edertal-768x742.jpg?v=1758642841 768w\" sizes=\"auto, (max-width: 767px) 89vw, (max-width: 1000px) 54vw, (max-width: 1071px) 543px, 580px\" \/><\/figure><\/div>\n\n\n\n<h2 class=\"wp-block-heading has-large-font-size\" id=\"Nordhessen-und-Ostwestfalen\">Nordhessen und Ostwestfalen<\/h2>\n\n\n\n<div class=\"wp-block-media-text has-media-on-the-right is-stacked-on-mobile\" style=\"grid-template-columns:auto 45%\"><div class=\"wp-block-media-text__content\">\n<p class=\"has-medium-font-size\"><strong><a href=\"https:\/\/wc-test.waldmann.solutions\/?page_id=894\" data-type=\"page\" data-id=\"894\">Ewald Steiger<\/a><\/strong> <br>Fotograf in Moers und Kleve<\/p>\n\n\n\n<p class=\"has-medium-font-size\">ca. 2000 Negative, z.T. 18&#215;24 Glasplatten, 10&#215;15 Film auf Glasplatte montiert. <br>Karl Friedrich Waldmann hat sie in 1983 von Steigers Nachfolger, Herrn Dischh\u00e4user, damals wohnhaft in Moers &#8211; Kranichstra\u00dfe 5, gekauft.<\/p>\n\n\n<div class=\"wp-block-image\">\n<figure class=\"alignright size-large\"><img loading=\"lazy\" decoding=\"async\" width=\"1024\" height=\"743\" src=\"https:\/\/wc-test.waldmann.solutions\/wp-content\/uploads\/2025\/09\/DSC09129-Winterberg-Waldhaus-No-47-wm-1024x743.jpg\" alt=\"\" class=\"wp-image-976\" srcset=\"https:\/\/wc-test.waldmann.solutions\/wp-content\/uploads\/2025\/09\/DSC09129-Winterberg-Waldhaus-No-47-wm-1024x743.jpg?v=1758637598 1024w, https:\/\/wc-test.waldmann.solutions\/wp-content\/uploads\/2025\/09\/DSC09129-Winterberg-Waldhaus-No-47-wm-300x218.jpg?v=1758637598 300w, https:\/\/wc-test.waldmann.solutions\/wp-content\/uploads\/2025\/09\/DSC09129-Winterberg-Waldhaus-No-47-wm-768x557.jpg?v=1758637598 768w, https:\/\/wc-test.waldmann.solutions\/wp-content\/uploads\/2025\/09\/DSC09129-Winterberg-Waldhaus-No-47-wm-1536x1114.jpg?v=1758637598 1536w, https:\/\/wc-test.waldmann.solutions\/wp-content\/uploads\/2025\/09\/DSC09129-Winterberg-Waldhaus-No-47-wm-2048x1485.jpg?v=1758637598 2048w\" sizes=\"auto, (max-width: 767px) 89vw, (max-width: 1000px) 54vw, (max-width: 1071px) 543px, 580px\" \/><\/figure>\n<\/div><\/div><figure class=\"wp-block-media-text__media\"><img loading=\"lazy\" decoding=\"async\" width=\"1024\" height=\"673\" src=\"https:\/\/wc-test.waldmann.solutions\/wp-content\/uploads\/2025\/09\/DSC09107-Waldeck-No-38-Innenstadt-Pferdegepsann-Gaense-watermarked-1-1024x673.jpg?v=1758637245\" alt=\"\" class=\"wp-image-975 size-full\" srcset=\"https:\/\/wc-test.waldmann.solutions\/wp-content\/uploads\/2025\/09\/DSC09107-Waldeck-No-38-Innenstadt-Pferdegepsann-Gaense-watermarked-1-1024x673.jpg?v=1758637245 1024w, https:\/\/wc-test.waldmann.solutions\/wp-content\/uploads\/2025\/09\/DSC09107-Waldeck-No-38-Innenstadt-Pferdegepsann-Gaense-watermarked-1-300x197.jpg?v=1758637245 300w, https:\/\/wc-test.waldmann.solutions\/wp-content\/uploads\/2025\/09\/DSC09107-Waldeck-No-38-Innenstadt-Pferdegepsann-Gaense-watermarked-1-768x505.jpg?v=1758637245 768w, https:\/\/wc-test.waldmann.solutions\/wp-content\/uploads\/2025\/09\/DSC09107-Waldeck-No-38-Innenstadt-Pferdegepsann-Gaense-watermarked-1-1536x1009.jpg?v=1758637245 1536w, https:\/\/wc-test.waldmann.solutions\/wp-content\/uploads\/2025\/09\/DSC09107-Waldeck-No-38-Innenstadt-Pferdegepsann-Gaense-watermarked-1-2048x1346.jpg?v=1758637245 2048w\" sizes=\"auto, (max-width: 767px) 89vw, (max-width: 1000px) 54vw, (max-width: 1071px) 543px, 580px\" \/><\/figure><\/div>\n\n\n\n<h2 class=\"wp-block-heading has-large-font-size\" id=\"Unternehmen\">Unternehmen<\/h2>\n\n\n\n<p><\/p>\n\n\n\n<div class=\"wp-block-media-text has-media-on-the-right is-stacked-on-mobile\"><div class=\"wp-block-media-text__content\">\n<p class=\"has-medium-font-size\">Henschel<\/p>\n\n\n\n<p class=\"has-medium-font-size\"><a href=\"https:\/\/wc-test.waldmann.solutions\/?page_id=986\" data-type=\"page\" data-id=\"986\">Wegmann<\/a><\/p>\n\n\n\n<p class=\"has-medium-font-size\"><a href=\"https:\/\/wc-test.waldmann.solutions\/?page_id=808\" data-type=\"page\" data-id=\"808\">Gottschalk<\/a><\/p>\n<\/div><figure class=\"wp-block-media-text__media\"><img loading=\"lazy\" decoding=\"async\" width=\"737\" height=\"1024\" src=\"https:\/\/wc-test.waldmann.solutions\/wp-content\/uploads\/2025\/09\/DSC09022_b-wm-737x1024.jpg?v=1758735982\" alt=\"\" class=\"wp-image-1002 size-full\" srcset=\"https:\/\/wc-test.waldmann.solutions\/wp-content\/uploads\/2025\/09\/DSC09022_b-wm-737x1024.jpg?v=1758735982 737w, https:\/\/wc-test.waldmann.solutions\/wp-content\/uploads\/2025\/09\/DSC09022_b-wm-216x300.jpg?v=1758735982 216w, https:\/\/wc-test.waldmann.solutions\/wp-content\/uploads\/2025\/09\/DSC09022_b-wm-768x1067.jpg?v=1758735982 768w, https:\/\/wc-test.waldmann.solutions\/wp-content\/uploads\/2025\/09\/DSC09022_b-wm-1106x1536.jpg?v=1758735982 1106w, https:\/\/wc-test.waldmann.solutions\/wp-content\/uploads\/2025\/09\/DSC09022_b-wm-1474x2048.jpg?v=1758735982 1474w, https:\/\/wc-test.waldmann.solutions\/wp-content\/uploads\/2025\/09\/DSC09022_b-wm-scaled.jpg?v=1758735982 1843w\" sizes=\"auto, (max-width: 737px) 100vw, 737px\" \/><\/figure><\/div>\n\n\n\n<h2 class=\"wp-block-heading has-large-font-size\" id=\"Deutschland\">Deutschland<\/h2>\n\n\n\n<p class=\"has-medium-font-size\">Darmstadt Altstadt vor der Zerst\u00f6rung,<br>Frankfurt Mylius, Seib, Sch\u00e4fer, Hertel,<br>Hanau, Nachlass Urff ca. 10<br>Hamburg, <br>Kassel, <br>K\u00f6ln,<br>M\u00fcnchen,<br>N\u00fcrnberg,<br>W\u00fcrzburg, <br><br>Rheintal bis Koblenz, Bonn<br>Harz Defner (Gummidrucke)<\/p>\n\n\n\n<p class=\"has-medium-font-size\"><strong>Fotografen Deutschland<\/strong>:<br>Defner<br>Eberth, Carl<br>Hellmich, Lotte<br>Hertel, Carl<br>Krull, Germaine <br><a href=\"https:\/\/wc-test.waldmann.solutions\/?page_id=640\" data-type=\"page\" data-id=\"640\">Leonhardt, Georg Friedrich<\/a><br>Meydenbauer, Albrecht<br>Mylius, Carl Friedrich<br>Sch\u00e4fer, Johann<br>Seib, Jacob<br><a href=\"https:\/\/wc-test.waldmann.solutions\/?page_id=894\" data-type=\"page\" data-id=\"894\">Steiger, Ewald<\/a><br>Tellgmann, Franz<br>Tellgmann, Oscar<br>Urff, Georg Siegmund<br><br><br><\/p>\n\n\n\n<h2 class=\"wp-block-heading has-large-font-size\" id=\"International\">International<\/h2>\n\n\n\n<h2 class=\"wp-block-heading\">Italien<\/h2>\n\n\n\n<p class=\"has-medium-font-size\">Fotografen Exponate Italien allgemein au\u00dfer Rom  ca. 2000<\/p>\n\n\n\n<p class=\"has-medium-font-size\"><strong>Rom<\/strong> in fr\u00fchen Fotografien Alinari, Mac Pherson, Altobelli, Mang, Verzaschi, Tuminello, Rive, Caneva, Anderson, Sommer, Behles &nbsp;ca. 400<\/p>\n\n\n\n<p class=\"has-medium-font-size\"><strong>Venedig<\/strong> Ponti, Naya, Sommer, Ongania &nbsp;&nbsp;ca.  200<\/p>\n\n\n\n<p class=\"has-medium-font-size\"><strong>Neapel<\/strong> Sommer, Alinari &nbsp;ca.   200<\/p>\n\n\n\n<p class=\"has-medium-font-size\"><strong>Pompeii<\/strong> &nbsp;&nbsp;&nbsp;ca. 150<\/p>\n\n\n\n<p class=\"has-medium-font-size\"><strong>Fotografen Italien:<\/strong><br>Alinari<br>Altobello<br>Anderson<br>Behles<br>Caneva<br>Mang<br>McPherson<br>Naya<br>Ongania<br>Ponti<br>Rive<br>Sommer<br>Tuminello<br>Verzaschi<\/p>\n\n\n\n<h2 class=\"wp-block-heading\">Sonstige Europa<\/h2>\n\n\n\n<p>Russland, Tschechien, Frankreich<\/p>\n\n\n\n<p class=\"has-medium-font-size\"><strong>Fotografen:<\/strong><br>Pavel Dias<br>Vaclav Chochola<br>Josef Sudek<\/p>\n\n\n\n<p><\/p>\n\n\n\n<h2 class=\"wp-block-heading\">Naher Osten<\/h2>\n\n\n\n<p class=\"has-medium-font-size\"><strong>Orient<\/strong>:<br>T\u00fcrkei, Griechenland<br>Pal\u00e4stina, <a href=\"https:\/\/wc-test.waldmann.solutions\/?page_id=1092\" data-type=\"page\" data-id=\"1092\">\u00c4gypten<\/a> &nbsp;&nbsp;ca. 300<\/p>\n\n\n\n<p class=\"has-medium-font-size\"><strong>Fotografen Orient:<\/strong><br>Bonfils<br>Sebah<br>Hammerschmidt<br>Arnoux<br>Beato<\/p>\n\n\n\n<h2 class=\"wp-block-heading\"><a href=\"https:\/\/wc-test.waldmann.solutions\/?page_id=1085\" data-type=\"page\" data-id=\"1085\">Asien<\/a>:<\/h2>\n\n\n\n<p class=\"has-medium-font-size\">Indien, Japan, China Scowen, Bourne &nbsp;ca.&nbsp; 400<\/p>\n\n\n\n<p class=\"has-medium-font-size\">S\u00fcdostasien:<br>Java, Sumatra, Borneo,<br>Celebes Woodbury, Page, Salzwedel &nbsp;&nbsp;&nbsp;ca.&nbsp; 1000<\/p>\n\n\n\n<p class=\"has-medium-font-size\"><strong>Fotografen Asien:<\/strong><br>Bourne<br>Scowen<br>Page<br>Woodbury<\/p>\n\n\n\n<h2 class=\"wp-block-heading\">Amerika<\/h2>\n\n\n\n<div class=\"wp-block-media-text is-stacked-on-mobile\" style=\"grid-template-columns:45% auto\"><figure class=\"wp-block-media-text__media\"><img loading=\"lazy\" decoding=\"async\" width=\"768\" height=\"1024\" src=\"https:\/\/wc-test.waldmann.solutions\/wp-content\/uploads\/2026\/03\/20260211_204203-768x1024.jpg\" alt=\"\" class=\"wp-image-1057 size-full\" srcset=\"https:\/\/wc-test.waldmann.solutions\/wp-content\/uploads\/2026\/03\/20260211_204203-768x1024.jpg?v=1772463198 768w, https:\/\/wc-test.waldmann.solutions\/wp-content\/uploads\/2026\/03\/20260211_204203-225x300.jpg?v=1772463198 225w, https:\/\/wc-test.waldmann.solutions\/wp-content\/uploads\/2026\/03\/20260211_204203-1152x1536.jpg?v=1772463198 1152w, https:\/\/wc-test.waldmann.solutions\/wp-content\/uploads\/2026\/03\/20260211_204203-1536x2048.jpg?v=1772463198 1536w, https:\/\/wc-test.waldmann.solutions\/wp-content\/uploads\/2026\/03\/20260211_204203-scaled.jpg?v=1772463198 1920w\" sizes=\"auto, (max-width: 767px) 89vw, (max-width: 1000px) 54vw, (max-width: 1071px) 543px, 580px\" \/><\/figure><div class=\"wp-block-media-text__content\">\n<p><\/p>\n\n\n\n<p><\/p>\n\n\n\n<p><\/p>\n\n\n\n<p><\/p>\n\n\n\n<p class=\"has-text-align-left\">(WEEGEE) <a href=\"1899-1968\">ARTHUR FELLIG<\/a><br>Aus der Serie 1942: &#8222;I Cried When I Took This Picture&#8220;. <\/p>\n\n\n\n<p class=\"has-text-align-left\">Silver print, with hand stamp and notations, in pencil, apparently in a contemporary hand, on verso. 1942<\/p>\n\n\n\n<p><\/p>\n<\/div><\/div>\n\n\n\n<p>Fotografen:<br>Arthur Fellig (WeeGee) (1899-1968)<\/p>\n\n\n\n<h2 class=\"wp-block-heading has-large-font-size\" id=\"Fotografien-von-Karl-F.-Waldmann\">Fotografien von Karl F. Waldmann <\/h2>\n\n\n\n<p class=\"has-medium-font-size\">Luftaufnahmen von Kassel, Schwalm-Eder-Kreis<\/p>\n\n\n\n<p class=\"has-medium-font-size\">Dokumentaraufnahmen von Reisen anl\u00e4sslich Dreharbeiten f\u00fcr Dokumentarfilme in der ARD: <br>\u2022 Pakistan (Hindufest Taipusam, arme Kinder, Soldaten am Khaiberpa\u00df &#8211; Grenze zu Afghanistan), <br>\u2022 Malaysia-Singapur (Kupferminen, Eingeborene, Stadt Singapur),<br>\u2022 UdSSR (Schulsystem, Erziehung, Medizinische Forschung, Babies, Hund als Forschungsobjekt),<br>\u2022 S\u00fcdafrika (Herzoperationen Prof. Barnard, Patient Blaiberg, 1. Herztransplantation),<\/p>\n\n\n\n<p class=\"has-medium-font-size\">\u2022 Sozialkritische Filme \u00fcber Kinder und Jugendliche<br>\u2022 Weltkunst-Ausstellung <a href=\"https:\/\/wc-test.waldmann.solutions\/?page_id=867\" data-type=\"page\" data-id=\"867\">documenta <\/a>in Kassel, K\u00fcnstler Beuys u.a.<br>\u2022 Aufnahmen von Studiosendungen f\u00fcr den hr aus dem Studio Kassel<\/p>\n\n\n\n<h2 class=\"wp-block-heading has-large-font-size\" id=\"Ver\u00f6ffentlichungen\">Ver\u00f6ffentlichungen <\/h2>\n\n\n\n<p class=\"has-medium-font-size\">div. Zeitschriften (meist Ank\u00fcndigungen der Dokumentarfilme)<\/p>\n\n\n\n<p class=\"has-medium-font-size\"><strong>Landpartien<\/strong> &#8211; Ausfl\u00fcge aufs Land um die Jahrhundertwende<br>Wartberg Verlag, Andreas Huber ISBN: 3925277633<\/p>\n\n\n\n<p class=\"has-medium-font-size\"><strong>Landpartien durch Nordhessen<\/strong> &#8211; Ausfl\u00fcge in die Vergangenheit<br>Wartberg Verlag, Andreas Huber ISBN: 3831316872<\/p>\n\n\n\n<h2 class=\"wp-block-heading has-large-font-size\" id=\"Mitgliedschaften\">Mitgliedschaften<\/h2>\n\n\n\n<p class=\"has-medium-font-size\">Karl Friedrich Waldmann war <strong>Mitglied <\/strong>in:<br><a href=\"https:\/\/wc-test.waldmann.solutions\/?page_id=1032#dgph\" data-type=\"page\" data-id=\"1032\"><strong>DGPh <\/strong>e.V. (Deutsche Gesellschaft f\u00fcr Photographie)<\/a><br><strong>Club Daguerre<\/strong> e.V.<br><strong>Filmamateurclub <\/strong>Kassel<\/p>\n\n\n\n<figure class=\"wp-block-gallery has-nested-images columns-2 is-cropped is-style-columns wp-block-gallery-1 is-layout-flex wp-block-gallery-is-layout-flex\">\n<figure class=\"wp-block-image size-large\"><img loading=\"lazy\" decoding=\"async\" width=\"1024\" height=\"708\" data-id=\"1155\" src=\"https:\/\/wc-test.waldmann.solutions\/wp-content\/uploads\/2026\/04\/Gernsheim-mit-Waldmann-Foto-F.-Fischer-1024x708.jpg?v=1777194658\" alt=\"\" class=\"wp-image-1155\" srcset=\"https:\/\/wc-test.waldmann.solutions\/wp-content\/uploads\/2026\/04\/Gernsheim-mit-Waldmann-Foto-F.-Fischer-1024x708.jpg?v=1777194658 1024w, https:\/\/wc-test.waldmann.solutions\/wp-content\/uploads\/2026\/04\/Gernsheim-mit-Waldmann-Foto-F.-Fischer-300x207.jpg?v=1777194658 300w, https:\/\/wc-test.waldmann.solutions\/wp-content\/uploads\/2026\/04\/Gernsheim-mit-Waldmann-Foto-F.-Fischer-768x531.jpg?v=1777194658 768w, https:\/\/wc-test.waldmann.solutions\/wp-content\/uploads\/2026\/04\/Gernsheim-mit-Waldmann-Foto-F.-Fischer-1536x1062.jpg?v=1777194658 1536w, https:\/\/wc-test.waldmann.solutions\/wp-content\/uploads\/2026\/04\/Gernsheim-mit-Waldmann-Foto-F.-Fischer-2048x1416.jpg?v=1777194658 2048w\" sizes=\"auto, (max-width: 767px) 89vw, (max-width: 1000px) 54vw, (max-width: 1071px) 543px, 580px\" \/><\/figure>\n\n\n\n<figure class=\"wp-block-image size-large\"><img loading=\"lazy\" decoding=\"async\" width=\"1024\" height=\"715\" data-id=\"1154\" src=\"https:\/\/wc-test.waldmann.solutions\/wp-content\/uploads\/2026\/04\/Gernsheim-und-Waldmann-Foto-F.-Fischer-1024x715.jpg?v=1777194650\" alt=\"\" class=\"wp-image-1154\" srcset=\"https:\/\/wc-test.waldmann.solutions\/wp-content\/uploads\/2026\/04\/Gernsheim-und-Waldmann-Foto-F.-Fischer-1024x715.jpg?v=1777194650 1024w, https:\/\/wc-test.waldmann.solutions\/wp-content\/uploads\/2026\/04\/Gernsheim-und-Waldmann-Foto-F.-Fischer-300x209.jpg?v=1777194650 300w, https:\/\/wc-test.waldmann.solutions\/wp-content\/uploads\/2026\/04\/Gernsheim-und-Waldmann-Foto-F.-Fischer-768x536.jpg?v=1777194650 768w, https:\/\/wc-test.waldmann.solutions\/wp-content\/uploads\/2026\/04\/Gernsheim-und-Waldmann-Foto-F.-Fischer-1536x1072.jpg?v=1777194650 1536w, https:\/\/wc-test.waldmann.solutions\/wp-content\/uploads\/2026\/04\/Gernsheim-und-Waldmann-Foto-F.-Fischer-2048x1429.jpg?v=1777194650 2048w\" sizes=\"auto, (max-width: 767px) 89vw, (max-width: 1000px) 54vw, (max-width: 1071px) 543px, 580px\" \/><\/figure>\n\n\n\n<figure class=\"wp-block-image size-large\"><img loading=\"lazy\" decoding=\"async\" width=\"656\" height=\"1024\" data-id=\"1153\" src=\"https:\/\/wc-test.waldmann.solutions\/wp-content\/uploads\/2026\/04\/Gernsheim-und-Waldmann-Foto-Giribas-M-656x1024.jpg?v=1777194642\" alt=\"\" class=\"wp-image-1153\" srcset=\"https:\/\/wc-test.waldmann.solutions\/wp-content\/uploads\/2026\/04\/Gernsheim-und-Waldmann-Foto-Giribas-M-656x1024.jpg?v=1777194642 656w, https:\/\/wc-test.waldmann.solutions\/wp-content\/uploads\/2026\/04\/Gernsheim-und-Waldmann-Foto-Giribas-M-192x300.jpg?v=1777194642 192w, https:\/\/wc-test.waldmann.solutions\/wp-content\/uploads\/2026\/04\/Gernsheim-und-Waldmann-Foto-Giribas-M-768x1199.jpg?v=1777194642 768w, https:\/\/wc-test.waldmann.solutions\/wp-content\/uploads\/2026\/04\/Gernsheim-und-Waldmann-Foto-Giribas-M-984x1536.jpg?v=1777194642 984w, https:\/\/wc-test.waldmann.solutions\/wp-content\/uploads\/2026\/04\/Gernsheim-und-Waldmann-Foto-Giribas-M-1312x2048.jpg?v=1777194642 1312w, https:\/\/wc-test.waldmann.solutions\/wp-content\/uploads\/2026\/04\/Gernsheim-und-Waldmann-Foto-Giribas-M-scaled.jpg?v=1777194642 1640w\" sizes=\"auto, (max-width: 656px) 100vw, 656px\" \/><\/figure>\n<\/figure>\n\n\n\n<h2 class=\"wp-block-heading has-large-font-size\" id=\"Ausstellungen\">Ausstellungen<\/h2>\n\n\n\n<p class=\"has-medium-font-size\">1985&nbsp;&nbsp;&nbsp; 1. Heimatausstellung \u00fcber das D\u00f6rfliche Leben in Dittershausen\/Dennhausen<\/p>\n\n\n\n<p class=\"has-medium-font-size\">1987 &nbsp;&nbsp; 2. Heimatausstellung \u00fcber das D\u00f6rfliche Leben in Dittershausen\/Dennhausen<\/p>\n\n\n\n<p class=\"has-medium-font-size\">2003 &nbsp;&nbsp; Ausstellung Prinzenerzieher B\u00fcchsenmacher Nobelpreistr\u00e4ger \u00fcber Pers\u00f6nlichkeiten in Nordhessen im Regionalmuseum Kaufungen.<\/p>\n","protected":false},"excerpt":{"rendered":"<p>Stand: M\u00e4rz 2026Autor: Herbert Waldmann Karl Friedrich Waldmann war Fotograf und Kameramann und sammelte zun\u00e4chst Fotografien aus der Region. In Fuldabr\u00fcck-Dittershausen, dem Lebensmittelpunkt seiner Familie rief er die Menschen dazu auf, alte Fotografien aus dem Ort zusammenzutragen. Diese wurden reproduziert und in einer Ausstellung \u00fcber das Leben im Dorf von damals pr\u00e4sentiert. Er interessierte sich &hellip; <\/p>\n<p class=\"link-more\"><a href=\"https:\/\/wc-test.waldmann.solutions\/?page_id=336\" class=\"more-link\"><span class=\"screen-reader-text\">\u201eFotohistorische Sammlung Karl Friedrich Waldmann\u201c<\/span> weiterlesen<\/a><\/p>\n","protected":false},"author":1,"featured_media":0,"parent":0,"menu_order":0,"comment_status":"closed","ping_status":"closed","template":"","meta":{"pgc_sgb_lightbox_settings":"","footnotes":""},"class_list":["post-336","page","type-page","status-publish","hentry"],"jetpack_sharing_enabled":true,"_links":{"self":[{"href":"https:\/\/wc-test.waldmann.solutions\/index.php?rest_route=\/wp\/v2\/pages\/336","targetHints":{"allow":["GET"]}}],"collection":[{"href":"https:\/\/wc-test.waldmann.solutions\/index.php?rest_route=\/wp\/v2\/pages"}],"about":[{"href":"https:\/\/wc-test.waldmann.solutions\/index.php?rest_route=\/wp\/v2\/types\/page"}],"author":[{"embeddable":true,"href":"https:\/\/wc-test.waldmann.solutions\/index.php?rest_route=\/wp\/v2\/users\/1"}],"replies":[{"embeddable":true,"href":"https:\/\/wc-test.waldmann.solutions\/index.php?rest_route=%2Fwp%2Fv2%2Fcomments&post=336"}],"version-history":[{"count":74,"href":"https:\/\/wc-test.waldmann.solutions\/index.php?rest_route=\/wp\/v2\/pages\/336\/revisions"}],"predecessor-version":[{"id":1162,"href":"https:\/\/wc-test.waldmann.solutions\/index.php?rest_route=\/wp\/v2\/pages\/336\/revisions\/1162"}],"wp:attachment":[{"href":"https:\/\/wc-test.waldmann.solutions\/index.php?rest_route=%2Fwp%2Fv2%2Fmedia&parent=336"}],"curies":[{"name":"wp","href":"https:\/\/api.w.org\/{rel}","templated":true}]}}